{"id":2784,"date":"2024-05-31T08:30:46","date_gmt":"2024-05-31T14:30:46","guid":{"rendered":"https:\/\/cifsa.co.cr\/web\/gt\/?post_type=product&#038;p=2784"},"modified":"2024-05-31T08:30:48","modified_gmt":"2024-05-31T14:30:48","slug":"rollo-void-storopack-528044","status":"publish","type":"product","link":"https:\/\/cifsa.co.cr\/web\/gt\/product\/rollo-void-storopack-528044\/","title":{"rendered":"ROLLO VOID STOROPACK 528044"},"content":{"rendered":"<p>AIRmove\u00ae es el sistema de almohada de aire conveniente e intuitivo para necesidades de empaque m\u00e1s peque\u00f1as de hasta 20 paquetes por d\u00eda. El sistema puede producir 3,5 metros de pel\u00edcula por minuto. El volumen de llenado de las almohadas es f\u00e1cil de ajustar, al igual que la temperatura de la m\u00e1quina, lo que garantiza que las almohadas de aire est\u00e9n selladas de forma segura.<\/p>\n","protected":false},"excerpt":{"rendered":"<p>ROLLO VOID STOROPACK 528044<\/p>\n","protected":false},"featured_media":2489,"template":"","meta":[],"product_cat":[101,123,102],"product_tag":[],"class_list":["post-2784","product","type-product","status-publish","has-post-thumbnail","hentry","product_cat-aseguramiento-logistico","product_cat-empaque-proteccion","product_cat-proteccion-de-cargas"],"_links":{"self":[{"href":"https:\/\/cifsa.co.cr\/web\/gt\/wp-json\/wp\/v2\/product\/2784","targetHints":{"allow":["GET"]}}],"collection":[{"href":"https:\/\/cifsa.co.cr\/web\/gt\/wp-json\/wp\/v2\/product"}],"about":[{"href":"https:\/\/cifsa.co.cr\/web\/gt\/wp-json\/wp\/v2\/types\/product"}],"wp:featuredmedia":[{"embeddable":true,"href":"https:\/\/cifsa.co.cr\/web\/gt\/wp-json\/wp\/v2\/media\/2489"}],"wp:attachment":[{"href":"https:\/\/cifsa.co.cr\/web\/gt\/wp-json\/wp\/v2\/media?parent=2784"}],"wp:term":[{"taxonomy":"product_cat","embeddable":true,"href":"https:\/\/cifsa.co.cr\/web\/gt\/wp-json\/wp\/v2\/product_cat?post=2784"},{"taxonomy":"product_tag","embeddable":true,"href":"https:\/\/cifsa.co.cr\/web\/gt\/wp-json\/wp\/v2\/product_tag?post=2784"}],"curies":[{"name":"wp","href":"https:\/\/api.w.org\/{rel}","templated":true}]}}