{"id":2788,"date":"2024-05-31T08:30:46","date_gmt":"2024-05-31T14:30:46","guid":{"rendered":"https:\/\/cifsa.co.cr\/web\/gt\/?post_type=product&#038;p=2788"},"modified":"2026-04-30T07:50:04","modified_gmt":"2026-04-30T13:50:04","slug":"termografo-copeland-go-usb","status":"publish","type":"product","link":"https:\/\/cifsa.co.cr\/web\/gt\/product\/termografo-copeland-go-usb\/","title":{"rendered":"TERMOGRAFO COPELAND GO USB"},"content":{"rendered":"<p>La familia de registradores GO USB ofrece una soluci\u00f3n vers\u00e1til para monitorear \u00e1reas dentro de su cadena de fr\u00edo. Con una pantalla LCD y opciones de configuraci\u00f3n del usuario, los registradores son adecuados para escenarios de circuito cerrado, as\u00ed como para aplicaciones de importaci\u00f3n\/exportaci\u00f3n. Seg\u00fan el modelo del producto, los registradores miden la temperatura ambiente y la humedad, solo la temperatura ambiente o la temperatura ambiente y la temperatura de la sonda.<\/p>\n","protected":false},"excerpt":{"rendered":"<p>TERMOGRAFO COPELAND GO USB<\/p>\n","protected":false},"featured_media":3127,"template":"","meta":[],"product_cat":[101,125,118],"product_tag":[],"class_list":["post-2788","product","type-product","status-publish","has-post-thumbnail","hentry","product_cat-aseguramiento-logistico","product_cat-cadena-de-frio","product_cat-soluciones-tecnologicas-industriales"],"_links":{"self":[{"href":"https:\/\/cifsa.co.cr\/web\/gt\/wp-json\/wp\/v2\/product\/2788","targetHints":{"allow":["GET"]}}],"collection":[{"href":"https:\/\/cifsa.co.cr\/web\/gt\/wp-json\/wp\/v2\/product"}],"about":[{"href":"https:\/\/cifsa.co.cr\/web\/gt\/wp-json\/wp\/v2\/types\/product"}],"wp:featuredmedia":[{"embeddable":true,"href":"https:\/\/cifsa.co.cr\/web\/gt\/wp-json\/wp\/v2\/media\/3127"}],"wp:attachment":[{"href":"https:\/\/cifsa.co.cr\/web\/gt\/wp-json\/wp\/v2\/media?parent=2788"}],"wp:term":[{"taxonomy":"product_cat","embeddable":true,"href":"https:\/\/cifsa.co.cr\/web\/gt\/wp-json\/wp\/v2\/product_cat?post=2788"},{"taxonomy":"product_tag","embeddable":true,"href":"https:\/\/cifsa.co.cr\/web\/gt\/wp-json\/wp\/v2\/product_tag?post=2788"}],"curies":[{"name":"wp","href":"https:\/\/api.w.org\/{rel}","templated":true}]}}