{"id":2792,"date":"2024-05-31T08:30:48","date_gmt":"2024-05-31T14:30:48","guid":{"rendered":"https:\/\/cifsa.co.cr\/web\/gt\/?post_type=product&#038;p=2792"},"modified":"2024-05-31T08:30:50","modified_gmt":"2024-05-31T14:30:50","slug":"tracker-tive-solo-5g-desechable","status":"publish","type":"product","link":"https:\/\/cifsa.co.cr\/web\/gt\/product\/tracker-tive-solo-5g-desechable\/","title":{"rendered":"TRACKER TIVE SOLO 5G DESECHABLE"},"content":{"rendered":"<p>El primer rastreador multisensor de un solo uso del mundo proporciona visibilidad en tiempo real de la ubicaci\u00f3n, la temperatura, la humedad, los golpes y la luz de sus mercanc\u00edas en tr\u00e1nsito, a nivel de art\u00edculo, de un extremo a otro.<\/p>\n","protected":false},"excerpt":{"rendered":"<p>TRACKER TIVE SOLO 5G DESECHABLE<\/p>\n","protected":false},"featured_media":2497,"template":"","meta":[],"product_cat":[101,119,118],"product_tag":[],"class_list":["post-2792","product","type-product","status-publish","has-post-thumbnail","hentry","product_cat-aseguramiento-logistico","product_cat-dispositivos-gps_trackers-carga","product_cat-soluciones-tecnologicas-industriales"],"_links":{"self":[{"href":"https:\/\/cifsa.co.cr\/web\/gt\/wp-json\/wp\/v2\/product\/2792","targetHints":{"allow":["GET"]}}],"collection":[{"href":"https:\/\/cifsa.co.cr\/web\/gt\/wp-json\/wp\/v2\/product"}],"about":[{"href":"https:\/\/cifsa.co.cr\/web\/gt\/wp-json\/wp\/v2\/types\/product"}],"wp:featuredmedia":[{"embeddable":true,"href":"https:\/\/cifsa.co.cr\/web\/gt\/wp-json\/wp\/v2\/media\/2497"}],"wp:attachment":[{"href":"https:\/\/cifsa.co.cr\/web\/gt\/wp-json\/wp\/v2\/media?parent=2792"}],"wp:term":[{"taxonomy":"product_cat","embeddable":true,"href":"https:\/\/cifsa.co.cr\/web\/gt\/wp-json\/wp\/v2\/product_cat?post=2792"},{"taxonomy":"product_tag","embeddable":true,"href":"https:\/\/cifsa.co.cr\/web\/gt\/wp-json\/wp\/v2\/product_tag?post=2792"}],"curies":[{"name":"wp","href":"https:\/\/api.w.org\/{rel}","templated":true}]}}