{"id":2951,"date":"2024-05-31T08:31:04","date_gmt":"2024-05-31T14:31:04","guid":{"rendered":"https:\/\/cifsa.co.cr\/web\/gt\/?post_type=product&#038;p=2951"},"modified":"2024-05-31T08:31:06","modified_gmt":"2024-05-31T14:31:06","slug":"traje-ansell-microgard-2300-plus-modelo-132","status":"publish","type":"product","link":"https:\/\/cifsa.co.cr\/web\/gt\/product\/traje-ansell-microgard-2300-plus-modelo-132\/","title":{"rendered":"TRAJE ANSELL MICROGARD 2300 PLUS &#8211; Modelo 132"},"content":{"rendered":"<p>Una buena barrera protectora frente a numerosos productos qu\u00edmicos l\u00edquidos inorg\u00e1nicos, incluyendo \u00e1cidos y bases<br \/>\nLigero y a la vez resistente y duradero<br \/>\nDise\u00f1ado para proteger, el modelo est\u00e1ndar incluye capucha dise\u00f1ada para uso con respiradora y una solapa cubrecremallera con cierre autoadhesivo<br \/>\nAmarillo brillante altamente visible para mejorar la seguridad de los trabajadores<br \/>\nAntiest\u00e1ticos, probados seg\u00fan EN 1149-5.<br \/>\n<strong>FICHA TECNICA:<\/strong><br \/>\n<a href=\"https:\/\/cifsa.co.cr\/web\/cr\/wp-content\/uploads\/sites\/3\/2024\/05\/AlphaTec-2300-PLUS-Fabric-TDS-ESP.pdf\">AlphaTec 2300 PLUS Fabric TDS ESP<\/a><\/p>\n","protected":false},"excerpt":{"rendered":"<p>TRAJE ANSELL MICROGARD 2300 PLUS &#8211; Modelo 132<\/p>\n","protected":false},"featured_media":2650,"template":"","meta":[],"product_cat":[109,106,107],"product_tag":[],"class_list":["post-2951","product","type-product","status-publish","has-post-thumbnail","hentry","product_cat-proteccion-del-cuerpo","product_cat-seguridad-industrial","product_cat-uniformes-calzado"],"_links":{"self":[{"href":"https:\/\/cifsa.co.cr\/web\/gt\/wp-json\/wp\/v2\/product\/2951","targetHints":{"allow":["GET"]}}],"collection":[{"href":"https:\/\/cifsa.co.cr\/web\/gt\/wp-json\/wp\/v2\/product"}],"about":[{"href":"https:\/\/cifsa.co.cr\/web\/gt\/wp-json\/wp\/v2\/types\/product"}],"wp:featuredmedia":[{"embeddable":true,"href":"https:\/\/cifsa.co.cr\/web\/gt\/wp-json\/wp\/v2\/media\/2650"}],"wp:attachment":[{"href":"https:\/\/cifsa.co.cr\/web\/gt\/wp-json\/wp\/v2\/media?parent=2951"}],"wp:term":[{"taxonomy":"product_cat","embeddable":true,"href":"https:\/\/cifsa.co.cr\/web\/gt\/wp-json\/wp\/v2\/product_cat?post=2951"},{"taxonomy":"product_tag","embeddable":true,"href":"https:\/\/cifsa.co.cr\/web\/gt\/wp-json\/wp\/v2\/product_tag?post=2951"}],"curies":[{"name":"wp","href":"https:\/\/api.w.org\/{rel}","templated":true}]}}