{"id":2957,"date":"2024-05-31T08:31:04","date_gmt":"2024-05-31T14:31:04","guid":{"rendered":"https:\/\/cifsa.co.cr\/web\/gt\/?post_type=product&#038;p=2957"},"modified":"2024-05-31T08:31:08","modified_gmt":"2024-05-31T14:31:08","slug":"marchamo-unisto-plastico-compact-225mm","status":"publish","type":"product","link":"https:\/\/cifsa.co.cr\/web\/gt\/product\/marchamo-unisto-plastico-compact-225mm\/","title":{"rendered":"MARCHAMO UNISTO PLASTICO COMPACT 225MM"},"content":{"rendered":"<p>Sello de seguridad de ajuste herm\u00e9tico. El di\u00e1metro de la ligadura (2 mm) est\u00e1 adaptado a peque\u00f1os orificios u ojales. El mecanismo de cierre de acero inoxidable aumenta el nivel de seguridad<\/p>\n<p>Unidad de medida: 1,000 unidades por caja<\/p>\n","protected":false},"excerpt":{"rendered":"<p>MARCHAMO UNISTO PLASTICO COMPACT 225MM Blanco<\/p>\n<p>&nbsp;<\/p>\n<p>&nbsp;<\/p>\n<p>&nbsp;<\/p>\n<p>&nbsp;<\/p>\n","protected":false},"featured_media":2688,"template":"","meta":[],"product_cat":[104,101,114,117],"product_tag":[],"class_list":["post-2957","product","type-product","status-publish","has-post-thumbnail","hentry","product_cat-aseguramiento-de-mercancias-proteccion-de-cargas","product_cat-aseguramiento-logistico","product_cat-marchamos-y-etiquetas-de-seguridad","product_cat-plastico"],"_links":{"self":[{"href":"https:\/\/cifsa.co.cr\/web\/gt\/wp-json\/wp\/v2\/product\/2957","targetHints":{"allow":["GET"]}}],"collection":[{"href":"https:\/\/cifsa.co.cr\/web\/gt\/wp-json\/wp\/v2\/product"}],"about":[{"href":"https:\/\/cifsa.co.cr\/web\/gt\/wp-json\/wp\/v2\/types\/product"}],"wp:featuredmedia":[{"embeddable":true,"href":"https:\/\/cifsa.co.cr\/web\/gt\/wp-json\/wp\/v2\/media\/2688"}],"wp:attachment":[{"href":"https:\/\/cifsa.co.cr\/web\/gt\/wp-json\/wp\/v2\/media?parent=2957"}],"wp:term":[{"taxonomy":"product_cat","embeddable":true,"href":"https:\/\/cifsa.co.cr\/web\/gt\/wp-json\/wp\/v2\/product_cat?post=2957"},{"taxonomy":"product_tag","embeddable":true,"href":"https:\/\/cifsa.co.cr\/web\/gt\/wp-json\/wp\/v2\/product_tag?post=2957"}],"curies":[{"name":"wp","href":"https:\/\/api.w.org\/{rel}","templated":true}]}}