{"id":711,"date":"2014-08-29T01:34:59","date_gmt":"2014-08-29T01:34:59","guid":{"rendered":"http:\/\/wp\/?page_id=9"},"modified":"2023-09-05T17:05:49","modified_gmt":"2023-09-05T17:05:49","slug":"noticias","status":"publish","type":"page","link":"https:\/\/cifsa.co.cr\/web\/pa\/noticias\/","title":{"rendered":"Noticias"},"content":{"rendered":"\n<style type=\"text\/css\" data-created_by=\"avia_inline_auto\" id=\"style-css-av-l3j4s6zc-9a97cf5edde81bcd61e15f11fcb2f656\">\n.avia-section.av-l3j4s6zc-9a97cf5edde81bcd61e15f11fcb2f656{\nbackground-repeat:no-repeat;\nbackground-image:url(https:\/\/cifsa.co.cr\/web\/pa\/wp-content\/uploads\/sites\/4\/2022\/05\/bg-noticias.jpg);\nbackground-position:0% 0%;\nbackground-attachment:scroll;\n}\n<\/style>\n<div id='header-page'  class='avia-section av-l3j4s6zc-9a97cf5edde81bcd61e15f11fcb2f656 main_color avia-section-default avia-no-border-styling  avia-builder-el-0  el_before_av_section  avia-builder-el-first  avia-full-stretch avia-bg-style-scroll container_wrap fullsize'  data-section-bg-repeat='stretch'><div class='container av-section-cont-open' ><main  role=\"main\" itemprop=\"mainContentOfPage\"  class='template-page content  av-content-full alpha units'><div class='post-entry post-entry-type-page post-entry-711'><div class='entry-content-wrapper clearfix'>\n\n<style type=\"text\/css\" data-created_by=\"avia_inline_auto\" id=\"style-css-av-l3j4s9zn-7f4d46f86e1a0858bb5b583b666e0421\">\n#top .av-special-heading.av-l3j4s9zn-7f4d46f86e1a0858bb5b583b666e0421{\npadding-bottom:0px;\ncolor:#ffffff;\n}\nbody .av-special-heading.av-l3j4s9zn-7f4d46f86e1a0858bb5b583b666e0421 .av-special-heading-tag .heading-char{\nfont-size:25px;\n}\n.av-special-heading.av-l3j4s9zn-7f4d46f86e1a0858bb5b583b666e0421 .special-heading-inner-border{\nborder-color:#ffffff;\n}\n.av-special-heading.av-l3j4s9zn-7f4d46f86e1a0858bb5b583b666e0421 .av-subheading{\nfont-size:15px;\n}\n<\/style>\n<div  class='av-special-heading av-l3j4s9zn-7f4d46f86e1a0858bb5b583b666e0421 av-special-heading-h1 custom-color-heading blockquote modern-quote modern-centered  avia-builder-el-1  avia-builder-el-no-sibling '><h1 class='av-special-heading-tag'  itemprop=\"headline\"  >Noticias<\/h1><div class=\"special-heading-border\"><div class=\"special-heading-inner-border\"><\/div><\/div><\/div>\n\n<\/div><\/div><\/main><!-- close content main element --><\/div><\/div><div id='av_section_2'  class='avia-section av-qz2u-29c0c7996ed4b361d18c0dd85d7099cd main_color avia-section-default avia-no-border-styling  avia-builder-el-2  el_after_av_section  avia-builder-el-last  avia-bg-style-scroll container_wrap fullsize'  ><div class='container av-section-cont-open' ><div class='template-page content  av-content-full alpha units'><div class='post-entry post-entry-type-page post-entry-711'><div class='entry-content-wrapper clearfix'>\n<div   data-autoplay=''  data-interval='5'  data-animation='fade'  data-show_slide_delay='90'  class='avia-content-slider avia-content-grid-active avia-content-slider1 avia-content-slider-odd  avia-builder-el-3  avia-builder-el-no-sibling  '  itemscope=\"itemscope\" itemtype=\"https:\/\/schema.org\/Blog\" ><div class='avia-content-slider-inner'><div class='slide-entry-wrap'><article class='slide-entry flex_column  post-entry post-entry-773 slide-entry-overview slide-loop-1 slide-parity-odd  av_fullwidth first real-thumbnail post-format-standard'  itemscope=\"itemscope\" itemtype=\"https:\/\/schema.org\/CreativeWork\" ><div class=\"post-img\"><div class=\"post_tag\">Productos<\/div><a href='https:\/\/cifsa.co.cr\/web\/pa\/acticulos\/calzado-de-seguridad-van-vien-omega\/' data-rel='slide-1' class='slide-image' title='Calzado de seguridad Van Vien Omega'><img decoding=\"async\" width=\"800\" height=\"502\" src=\"https:\/\/cifsa.co.cr\/web\/pa\/wp-content\/uploads\/sites\/4\/2023\/09\/b3.jpg\" class=\"wp-image-774 avia-img-lazy-loading-not-774 attachment-no scaling size-no scaling wp-post-image\" alt=\"\" srcset=\"https:\/\/cifsa.co.cr\/web\/pa\/wp-content\/uploads\/sites\/4\/2023\/09\/b3.jpg 800w, https:\/\/cifsa.co.cr\/web\/pa\/wp-content\/uploads\/sites\/4\/2023\/09\/b3-300x188.jpg 300w, https:\/\/cifsa.co.cr\/web\/pa\/wp-content\/uploads\/sites\/4\/2023\/09\/b3-768x482.jpg 768w, https:\/\/cifsa.co.cr\/web\/pa\/wp-content\/uploads\/sites\/4\/2023\/09\/b3-705x442.jpg 705w, https:\/\/cifsa.co.cr\/web\/pa\/wp-content\/uploads\/sites\/4\/2023\/09\/b3-600x377.jpg 600w\" sizes=\"(max-width: 800px) 100vw, 800px\" \/><\/a><\/div><div class='slide-content'><header class=\"entry-content-header\"><h3 class='slide-entry-title entry-title '  itemprop=\"headline\" ><a href='https:\/\/cifsa.co.cr\/web\/pa\/acticulos\/calzado-de-seguridad-van-vien-omega\/' title='Calzado de seguridad Van Vien Omega'>Calzado de seguridad Van Vien Omega<\/a><\/h3><span class=\"av-vertical-delimiter\"><\/span><\/header><div class=\"slide-meta\"><div class=\"slide-meta-comments\"><a href='https:\/\/cifsa.co.cr\/web\/pa\/acticulos\/calzado-de-seguridad-van-vien-omega\/#respond'>0 Comentarios<\/a><\/div><div class=\"slide-meta-del\">\/<\/div><time class='slide-meta-time updated'  itemprop=\"datePublished\" datetime=\"2023-09-05T17:26:23+00:00\" >septiembre 5, 2023<\/time><\/div><div class='slide-entry-excerpt entry-content'  itemprop=\"text\" >Van Vien Borcegu\u00ed Omega es un calzado de seguridad diel\u00e9ctrico con puntera de policarbonato y un dise\u00f1o biomec\u00e1nico.<div class=\"read-more-link\"><a href=\"https:\/\/cifsa.co.cr\/web\/pa\/acticulos\/calzado-de-seguridad-van-vien-omega\/\" class=\"more-link\">Leer m\u00e1s<span class=\"more-link-arrow\"><\/span><\/a><\/div><\/div><\/div><footer class=\"entry-footer\"><\/footer><span class='hidden'>\n\t\t\t\t<span class='av-structured-data'  itemprop=\"image\" itemscope=\"itemscope\" itemtype=\"https:\/\/schema.org\/ImageObject\" >\n\t\t\t\t\t\t<span itemprop='url'>https:\/\/cifsa.co.cr\/web\/pa\/wp-content\/uploads\/sites\/4\/2023\/09\/b3.jpg<\/span>\n\t\t\t\t\t\t<span itemprop='height'>502<\/span>\n\t\t\t\t\t\t<span itemprop='width'>800<\/span>\n\t\t\t\t<\/span>\n\t\t\t\t<span class='av-structured-data'  itemprop=\"publisher\" itemtype=\"https:\/\/schema.org\/Organization\" itemscope=\"itemscope\" >\n\t\t\t\t\t\t<span itemprop='name'><\/span>\n\t\t\t\t\t\t<span itemprop='logo' itemscope itemtype='https:\/\/schema.org\/ImageObject'>\n\t\t\t\t\t\t\t<span itemprop='url'>https:\/\/cifsa.co.cr\/web\/wp-content\/uploads\/2022\/05\/logo.svg<\/span>\n\t\t\t\t\t\t <\/span>\n\t\t\t\t<\/span><span class='av-structured-data'  itemprop=\"author\" itemscope=\"itemscope\" itemtype=\"https:\/\/schema.org\/Person\" ><span itemprop='name'><\/span><\/span><span class='av-structured-data'  itemprop=\"datePublished\" datetime=\"2014-08-29T01:34:59+00:00\" >2023-09-05 17:26:23<\/span><span class='av-structured-data'  itemprop=\"dateModified\" itemtype=\"https:\/\/schema.org\/dateModified\" >2023-09-05 17:26:23<\/span><span class='av-structured-data'  itemprop=\"mainEntityOfPage\" itemtype=\"https:\/\/schema.org\/mainEntityOfPage\" ><span itemprop='name'>Calzado de seguridad Van Vien Omega<\/span><\/span><\/span><\/article><\/div><div class='slide-entry-wrap'><article class='slide-entry flex_column  post-entry post-entry-768 slide-entry-overview slide-loop-2 slide-parity-odd  av_fullwidth first real-thumbnail post-format-standard'  itemscope=\"itemscope\" itemtype=\"https:\/\/schema.org\/CreativeWork\" ><div class=\"post-img\"><div class=\"post_tag\">Productos<\/div><a href='https:\/\/cifsa.co.cr\/web\/pa\/acticulos\/marchamo-unisto-varis\/' data-rel='slide-1' class='slide-image' title='Marchamo Unisto Varis'><img decoding=\"async\" width=\"800\" height=\"502\" src=\"https:\/\/cifsa.co.cr\/web\/pa\/wp-content\/uploads\/sites\/4\/2023\/09\/b2.jpg\" class=\"wp-image-772 avia-img-lazy-loading-not-772 attachment-no scaling size-no scaling wp-post-image\" alt=\"\" srcset=\"https:\/\/cifsa.co.cr\/web\/pa\/wp-content\/uploads\/sites\/4\/2023\/09\/b2.jpg 800w, https:\/\/cifsa.co.cr\/web\/pa\/wp-content\/uploads\/sites\/4\/2023\/09\/b2-300x188.jpg 300w, https:\/\/cifsa.co.cr\/web\/pa\/wp-content\/uploads\/sites\/4\/2023\/09\/b2-768x482.jpg 768w, https:\/\/cifsa.co.cr\/web\/pa\/wp-content\/uploads\/sites\/4\/2023\/09\/b2-705x442.jpg 705w, https:\/\/cifsa.co.cr\/web\/pa\/wp-content\/uploads\/sites\/4\/2023\/09\/b2-600x377.jpg 600w\" sizes=\"(max-width: 800px) 100vw, 800px\" \/><\/a><\/div><div class='slide-content'><header class=\"entry-content-header\"><h3 class='slide-entry-title entry-title '  itemprop=\"headline\" ><a href='https:\/\/cifsa.co.cr\/web\/pa\/acticulos\/marchamo-unisto-varis\/' title='Marchamo Unisto Varis'>Marchamo Unisto Varis<\/a><\/h3><span class=\"av-vertical-delimiter\"><\/span><\/header><div class=\"slide-meta\"><div class=\"slide-meta-comments\"><a href='https:\/\/cifsa.co.cr\/web\/pa\/acticulos\/marchamo-unisto-varis\/#respond'>0 Comentarios<\/a><\/div><div class=\"slide-meta-del\">\/<\/div><time class='slide-meta-time updated'  itemprop=\"datePublished\" datetime=\"2023-09-05T17:11:08+00:00\" >septiembre 5, 2023<\/time><\/div><div class='slide-entry-excerpt entry-content'  itemprop=\"text\" >Este marchamo especialmente calibrado (7.2 x 2.0 mm) evita corte no detectado.<div class=\"read-more-link\"><a href=\"https:\/\/cifsa.co.cr\/web\/pa\/acticulos\/marchamo-unisto-varis\/\" class=\"more-link\">Leer m\u00e1s<span class=\"more-link-arrow\"><\/span><\/a><\/div><\/div><\/div><footer class=\"entry-footer\"><\/footer><span class='hidden'>\n\t\t\t\t<span class='av-structured-data'  itemprop=\"image\" itemscope=\"itemscope\" itemtype=\"https:\/\/schema.org\/ImageObject\" >\n\t\t\t\t\t\t<span itemprop='url'>https:\/\/cifsa.co.cr\/web\/pa\/wp-content\/uploads\/sites\/4\/2023\/09\/b2.jpg<\/span>\n\t\t\t\t\t\t<span itemprop='height'>502<\/span>\n\t\t\t\t\t\t<span itemprop='width'>800<\/span>\n\t\t\t\t<\/span>\n\t\t\t\t<span class='av-structured-data'  itemprop=\"publisher\" itemtype=\"https:\/\/schema.org\/Organization\" itemscope=\"itemscope\" >\n\t\t\t\t\t\t<span itemprop='name'><\/span>\n\t\t\t\t\t\t<span itemprop='logo' itemscope itemtype='https:\/\/schema.org\/ImageObject'>\n\t\t\t\t\t\t\t<span itemprop='url'>https:\/\/cifsa.co.cr\/web\/wp-content\/uploads\/2022\/05\/logo.svg<\/span>\n\t\t\t\t\t\t <\/span>\n\t\t\t\t<\/span><span class='av-structured-data'  itemprop=\"author\" itemscope=\"itemscope\" itemtype=\"https:\/\/schema.org\/Person\" ><span itemprop='name'><\/span><\/span><span class='av-structured-data'  itemprop=\"datePublished\" datetime=\"2014-08-29T01:34:59+00:00\" >2023-09-05 17:11:08<\/span><span class='av-structured-data'  itemprop=\"dateModified\" itemtype=\"https:\/\/schema.org\/dateModified\" >2023-09-05 17:11:34<\/span><span class='av-structured-data'  itemprop=\"mainEntityOfPage\" itemtype=\"https:\/\/schema.org\/mainEntityOfPage\" ><span itemprop='name'>Marchamo Unisto Varis<\/span><\/span><\/span><\/article><\/div><div class='slide-entry-wrap'><article class='slide-entry flex_column  post-entry post-entry-762 slide-entry-overview slide-loop-3 slide-parity-odd  post-entry-last  av_fullwidth first real-thumbnail post-format-standard'  itemscope=\"itemscope\" itemtype=\"https:\/\/schema.org\/CreativeWork\" ><div class=\"post-img\"><div class=\"post_tag\">Productos<\/div><a href='https:\/\/cifsa.co.cr\/web\/pa\/acticulos\/emerson-go-pdf-mini-logger\/' data-rel='slide-1' class='slide-image' title='Emerson GO PDF Mini Logger'><img decoding=\"async\" width=\"800\" height=\"502\" src=\"https:\/\/cifsa.co.cr\/web\/pa\/wp-content\/uploads\/sites\/4\/2023\/09\/b1.jpg\" class=\"wp-image-763 avia-img-lazy-loading-not-763 attachment-no scaling size-no scaling wp-post-image\" alt=\"\" srcset=\"https:\/\/cifsa.co.cr\/web\/pa\/wp-content\/uploads\/sites\/4\/2023\/09\/b1.jpg 800w, https:\/\/cifsa.co.cr\/web\/pa\/wp-content\/uploads\/sites\/4\/2023\/09\/b1-300x188.jpg 300w, https:\/\/cifsa.co.cr\/web\/pa\/wp-content\/uploads\/sites\/4\/2023\/09\/b1-768x482.jpg 768w, https:\/\/cifsa.co.cr\/web\/pa\/wp-content\/uploads\/sites\/4\/2023\/09\/b1-705x442.jpg 705w, https:\/\/cifsa.co.cr\/web\/pa\/wp-content\/uploads\/sites\/4\/2023\/09\/b1-600x377.jpg 600w\" sizes=\"(max-width: 800px) 100vw, 800px\" \/><\/a><\/div><div class='slide-content'><header class=\"entry-content-header\"><h3 class='slide-entry-title entry-title '  itemprop=\"headline\" ><a href='https:\/\/cifsa.co.cr\/web\/pa\/acticulos\/emerson-go-pdf-mini-logger\/' title='Emerson GO PDF Mini Logger'>Emerson GO PDF Mini Logger<\/a><\/h3><span class=\"av-vertical-delimiter\"><\/span><\/header><div class=\"slide-meta\"><div class=\"slide-meta-comments\"><a href='https:\/\/cifsa.co.cr\/web\/pa\/acticulos\/emerson-go-pdf-mini-logger\/#respond'>0 Comentarios<\/a><\/div><div class=\"slide-meta-del\">\/<\/div><time class='slide-meta-time updated'  itemprop=\"datePublished\" datetime=\"2023-09-05T17:01:15+00:00\" >septiembre 5, 2023<\/time><\/div><div class='slide-entry-excerpt entry-content'  itemprop=\"text\" >Los minirregistradores GO PDF monitorizan la hora y la temperatura de los productos perecederos durante la distribuci\u00f3n y el almacenamiento.<div class=\"read-more-link\"><a href=\"https:\/\/cifsa.co.cr\/web\/pa\/acticulos\/emerson-go-pdf-mini-logger\/\" class=\"more-link\">Leer m\u00e1s<span class=\"more-link-arrow\"><\/span><\/a><\/div><\/div><\/div><footer class=\"entry-footer\"><\/footer><span class='hidden'>\n\t\t\t\t<span class='av-structured-data'  itemprop=\"image\" itemscope=\"itemscope\" itemtype=\"https:\/\/schema.org\/ImageObject\" >\n\t\t\t\t\t\t<span itemprop='url'>https:\/\/cifsa.co.cr\/web\/pa\/wp-content\/uploads\/sites\/4\/2023\/09\/b1.jpg<\/span>\n\t\t\t\t\t\t<span itemprop='height'>502<\/span>\n\t\t\t\t\t\t<span itemprop='width'>800<\/span>\n\t\t\t\t<\/span>\n\t\t\t\t<span class='av-structured-data'  itemprop=\"publisher\" itemtype=\"https:\/\/schema.org\/Organization\" itemscope=\"itemscope\" >\n\t\t\t\t\t\t<span itemprop='name'><\/span>\n\t\t\t\t\t\t<span itemprop='logo' itemscope itemtype='https:\/\/schema.org\/ImageObject'>\n\t\t\t\t\t\t\t<span itemprop='url'>https:\/\/cifsa.co.cr\/web\/wp-content\/uploads\/2022\/05\/logo.svg<\/span>\n\t\t\t\t\t\t <\/span>\n\t\t\t\t<\/span><span class='av-structured-data'  itemprop=\"author\" itemscope=\"itemscope\" itemtype=\"https:\/\/schema.org\/Person\" ><span itemprop='name'><\/span><\/span><span class='av-structured-data'  itemprop=\"datePublished\" datetime=\"2014-08-29T01:34:59+00:00\" >2023-09-05 17:01:15<\/span><span class='av-structured-data'  itemprop=\"dateModified\" itemtype=\"https:\/\/schema.org\/dateModified\" >2023-09-05 17:05:18<\/span><span class='av-structured-data'  itemprop=\"mainEntityOfPage\" itemtype=\"https:\/\/schema.org\/mainEntityOfPage\" ><span itemprop='name'>Emerson GO PDF Mini Logger<\/span><\/span><\/span><\/article><\/div><\/div><\/div>\n\n","protected":false},"excerpt":{"rendered":"","protected":false},"author":1,"featured_media":0,"parent":0,"menu_order":0,"comment_status":"open","ping_status":"open","template":"","meta":{"footnotes":""},"class_list":["post-711","page","type-page","status-publish","hentry"],"_links":{"self":[{"href":"https:\/\/cifsa.co.cr\/web\/pa\/wp-json\/wp\/v2\/pages\/711","targetHints":{"allow":["GET"]}}],"collection":[{"href":"https:\/\/cifsa.co.cr\/web\/pa\/wp-json\/wp\/v2\/pages"}],"about":[{"href":"https:\/\/cifsa.co.cr\/web\/pa\/wp-json\/wp\/v2\/types\/page"}],"author":[{"embeddable":true,"href":"https:\/\/cifsa.co.cr\/web\/pa\/wp-json\/wp\/v2\/users\/1"}],"replies":[{"embeddable":true,"href":"https:\/\/cifsa.co.cr\/web\/pa\/wp-json\/wp\/v2\/comments?post=711"}],"version-history":[{"count":1,"href":"https:\/\/cifsa.co.cr\/web\/pa\/wp-json\/wp\/v2\/pages\/711\/revisions"}],"predecessor-version":[{"id":767,"href":"https:\/\/cifsa.co.cr\/web\/pa\/wp-json\/wp\/v2\/pages\/711\/revisions\/767"}],"wp:attachment":[{"href":"https:\/\/cifsa.co.cr\/web\/pa\/wp-json\/wp\/v2\/media?parent=711"}],"curies":[{"name":"wp","href":"https:\/\/api.w.org\/{rel}","templated":true}]}}