{"id":6521,"date":"2024-05-31T14:32:00","date_gmt":"2024-05-31T14:32:00","guid":{"rendered":"https:\/\/cifsa.co.cr\/web\/pa\/?post_type=product&#038;p=6521"},"modified":"2024-05-31T14:32:10","modified_gmt":"2024-05-31T14:32:10","slug":"guante-ansell-nitrilo-27-805","status":"publish","type":"product","link":"https:\/\/cifsa.co.cr\/web\/pa\/producto\/guante-ansell-nitrilo-27-805\/","title":{"rendered":"GUANTE ANSELL NITRILO 27-805"},"content":{"rendered":"<p>M\u00e1s resistente y m\u00e1s flexible que el PVC. Resistente a la penetraci\u00f3n de grasa o aceite. No se deteriora como el cuero o el algod\u00f3n.<br \/>\nUnidad de distribuci\u00f3n: 12 pares por caja<\/p>\n","protected":false},"excerpt":{"rendered":"<p>GUANTE ANSELL NITRILO 27-805<\/p>\n","protected":false},"featured_media":5912,"template":"","meta":[],"product_cat":[111,110,112,105],"product_tag":[],"class_list":["post-6521","product","type-product","status-publish","has-post-thumbnail","hentry","product_cat-epp","product_cat-epp-rescate","product_cat-proteccion-de-manos","product_cat-seguridad-industrial"],"_links":{"self":[{"href":"https:\/\/cifsa.co.cr\/web\/pa\/wp-json\/wp\/v2\/product\/6521","targetHints":{"allow":["GET"]}}],"collection":[{"href":"https:\/\/cifsa.co.cr\/web\/pa\/wp-json\/wp\/v2\/product"}],"about":[{"href":"https:\/\/cifsa.co.cr\/web\/pa\/wp-json\/wp\/v2\/types\/product"}],"wp:featuredmedia":[{"embeddable":true,"href":"https:\/\/cifsa.co.cr\/web\/pa\/wp-json\/wp\/v2\/media\/5912"}],"wp:attachment":[{"href":"https:\/\/cifsa.co.cr\/web\/pa\/wp-json\/wp\/v2\/media?parent=6521"}],"wp:term":[{"taxonomy":"product_cat","embeddable":true,"href":"https:\/\/cifsa.co.cr\/web\/pa\/wp-json\/wp\/v2\/product_cat?post=6521"},{"taxonomy":"product_tag","embeddable":true,"href":"https:\/\/cifsa.co.cr\/web\/pa\/wp-json\/wp\/v2\/product_tag?post=6521"}],"curies":[{"name":"wp","href":"https:\/\/api.w.org\/{rel}","templated":true}]}}