{"id":6540,"date":"2024-05-31T14:32:01","date_gmt":"2024-05-31T14:32:01","guid":{"rendered":"https:\/\/cifsa.co.cr\/web\/pa\/?post_type=product&#038;p=6540"},"modified":"2024-05-31T14:32:19","modified_gmt":"2024-05-31T14:32:19","slug":"traje-micromax-lakeland-ctl428","status":"publish","type":"product","link":"https:\/\/cifsa.co.cr\/web\/pa\/producto\/traje-micromax-lakeland-ctl428\/","title":{"rendered":"TRAJE MICROMAX LAKELAND CTL428"},"content":{"rendered":"<p>Tejido de pel\u00edcula laminada microporosa de alta calidad proporciona una resistencia superior a los l\u00edquidos, aceites ligeros y pulverizaciones ligeras de sustancias qu\u00edmicas l\u00edquidas.<\/p>\n","protected":false},"excerpt":{"rendered":"<p>TRAJE MICROMAX LAKELAND CTL428<\/p>\n","protected":false},"featured_media":5967,"template":"","meta":[],"product_cat":[108,105,106],"product_tag":[],"class_list":["post-6540","product","type-product","status-publish","has-post-thumbnail","hentry","product_cat-proteccion-del-cuerpo","product_cat-seguridad-industrial","product_cat-uniformes-calzado"],"_links":{"self":[{"href":"https:\/\/cifsa.co.cr\/web\/pa\/wp-json\/wp\/v2\/product\/6540","targetHints":{"allow":["GET"]}}],"collection":[{"href":"https:\/\/cifsa.co.cr\/web\/pa\/wp-json\/wp\/v2\/product"}],"about":[{"href":"https:\/\/cifsa.co.cr\/web\/pa\/wp-json\/wp\/v2\/types\/product"}],"wp:featuredmedia":[{"embeddable":true,"href":"https:\/\/cifsa.co.cr\/web\/pa\/wp-json\/wp\/v2\/media\/5967"}],"wp:attachment":[{"href":"https:\/\/cifsa.co.cr\/web\/pa\/wp-json\/wp\/v2\/media?parent=6540"}],"wp:term":[{"taxonomy":"product_cat","embeddable":true,"href":"https:\/\/cifsa.co.cr\/web\/pa\/wp-json\/wp\/v2\/product_cat?post=6540"},{"taxonomy":"product_tag","embeddable":true,"href":"https:\/\/cifsa.co.cr\/web\/pa\/wp-json\/wp\/v2\/product_tag?post=6540"}],"curies":[{"name":"wp","href":"https:\/\/api.w.org\/{rel}","templated":true}]}}