{"id":6541,"date":"2024-05-31T14:32:01","date_gmt":"2024-05-31T14:32:01","guid":{"rendered":"https:\/\/cifsa.co.cr\/web\/pa\/?post_type=product&#038;p=6541"},"modified":"2024-05-31T14:32:19","modified_gmt":"2024-05-31T14:32:19","slug":"traje-micromax-ts-lakeland-emnt414-con-botas","status":"publish","type":"product","link":"https:\/\/cifsa.co.cr\/web\/pa\/producto\/traje-micromax-ts-lakeland-emnt414-con-botas\/","title":{"rendered":"TRAJE MICROMAX TS LAKELAND EMNT414 CON BOTAS"},"content":{"rendered":"<p>Tejido de pel\u00edcula laminada microporosa de alta calidad proporciona una resistencia superior a los l\u00edquidos, aceites ligeros y pulverizaciones ligeras de sustancias qu\u00edmicas l\u00edquidas.<\/p>\n","protected":false},"excerpt":{"rendered":"<p>TRAJE MICROMAX LAKELAND CTL428<\/p>\n","protected":false},"featured_media":5968,"template":"","meta":[],"product_cat":[108,105,106],"product_tag":[],"class_list":["post-6541","product","type-product","status-publish","has-post-thumbnail","hentry","product_cat-proteccion-del-cuerpo","product_cat-seguridad-industrial","product_cat-uniformes-calzado"],"_links":{"self":[{"href":"https:\/\/cifsa.co.cr\/web\/pa\/wp-json\/wp\/v2\/product\/6541","targetHints":{"allow":["GET"]}}],"collection":[{"href":"https:\/\/cifsa.co.cr\/web\/pa\/wp-json\/wp\/v2\/product"}],"about":[{"href":"https:\/\/cifsa.co.cr\/web\/pa\/wp-json\/wp\/v2\/types\/product"}],"wp:featuredmedia":[{"embeddable":true,"href":"https:\/\/cifsa.co.cr\/web\/pa\/wp-json\/wp\/v2\/media\/5968"}],"wp:attachment":[{"href":"https:\/\/cifsa.co.cr\/web\/pa\/wp-json\/wp\/v2\/media?parent=6541"}],"wp:term":[{"taxonomy":"product_cat","embeddable":true,"href":"https:\/\/cifsa.co.cr\/web\/pa\/wp-json\/wp\/v2\/product_cat?post=6541"},{"taxonomy":"product_tag","embeddable":true,"href":"https:\/\/cifsa.co.cr\/web\/pa\/wp-json\/wp\/v2\/product_tag?post=6541"}],"curies":[{"name":"wp","href":"https:\/\/api.w.org\/{rel}","templated":true}]}}