{"id":6548,"date":"2024-05-31T14:32:04","date_gmt":"2024-05-31T14:32:04","guid":{"rendered":"https:\/\/cifsa.co.cr\/web\/pa\/?post_type=product&#038;p=6548"},"modified":"2024-05-31T14:32:05","modified_gmt":"2024-05-31T14:32:05","slug":"absorbente-gkd-gel-125g-con-cinta-adhesivo","status":"publish","type":"product","link":"https:\/\/cifsa.co.cr\/web\/pa\/producto\/absorbente-gkd-gel-125g-con-cinta-adhesivo\/","title":{"rendered":"ABSORBENTE GKD GEL 125G (Con cinta adhesivo)"},"content":{"rendered":"<p>Desecantes ayuda a evitar p\u00e9rdidas y da\u00f1os en productos ya que al reducir la humedad excedente en los embalajes conserva su calidad y prolonga su vida \u00fatil.<\/p>\n","protected":false},"excerpt":{"rendered":"<p>ABSORBENTE GKD GEL 125G (Con cinta adhesiva)<\/p>\n","protected":false},"featured_media":6239,"template":"","meta":[],"product_cat":[100,119,101],"product_tag":[],"class_list":["post-6548","product","type-product","status-publish","has-post-thumbnail","hentry","product_cat-aseguramiento-logistico","product_cat-desecantes","product_cat-proteccion-de-cargas"],"_links":{"self":[{"href":"https:\/\/cifsa.co.cr\/web\/pa\/wp-json\/wp\/v2\/product\/6548","targetHints":{"allow":["GET"]}}],"collection":[{"href":"https:\/\/cifsa.co.cr\/web\/pa\/wp-json\/wp\/v2\/product"}],"about":[{"href":"https:\/\/cifsa.co.cr\/web\/pa\/wp-json\/wp\/v2\/types\/product"}],"wp:featuredmedia":[{"embeddable":true,"href":"https:\/\/cifsa.co.cr\/web\/pa\/wp-json\/wp\/v2\/media\/6239"}],"wp:attachment":[{"href":"https:\/\/cifsa.co.cr\/web\/pa\/wp-json\/wp\/v2\/media?parent=6548"}],"wp:term":[{"taxonomy":"product_cat","embeddable":true,"href":"https:\/\/cifsa.co.cr\/web\/pa\/wp-json\/wp\/v2\/product_cat?post=6548"},{"taxonomy":"product_tag","embeddable":true,"href":"https:\/\/cifsa.co.cr\/web\/pa\/wp-json\/wp\/v2\/product_tag?post=6548"}],"curies":[{"name":"wp","href":"https:\/\/api.w.org\/{rel}","templated":true}]}}