{"id":6552,"date":"2024-05-31T14:32:04","date_gmt":"2024-05-31T14:32:04","guid":{"rendered":"https:\/\/cifsa.co.cr\/web\/pa\/?post_type=product&#038;p=6552"},"modified":"2024-05-31T14:32:06","modified_gmt":"2024-05-31T14:32:06","slug":"cortadora-signode-fleje-metalico-mip-2100","status":"publish","type":"product","link":"https:\/\/cifsa.co.cr\/web\/pa\/producto\/cortadora-signode-fleje-metalico-mip-2100\/","title":{"rendered":"CORTADORA SIGNODE FLEJE METALICO MIP-2100"},"content":{"rendered":"<p>Dise\u00f1ada con alta calidad, nuestra l\u00ednea completa seguramente tendr\u00e1 todo lo necesario para satisfacer sus necesidades de herramientas para flejes de acero. Nuestras tijeras de correa se operan con una sola mano. Estas tijeras funcionan con anchos de correa de 3\/8&#8243; a 3\/4&#8243; y calibres de 0,015 a 0,031&#8243;.<\/p>\n","protected":false},"excerpt":{"rendered":"<p>CORTADORA SIGNODE FLEJE METALICO MIP-2100<\/p>\n","protected":false},"featured_media":5843,"template":"","meta":[],"product_cat":[100,109,101],"product_tag":[],"class_list":["post-6552","product","type-product","status-publish","has-post-thumbnail","hentry","product_cat-aseguramiento-logistico","product_cat-fleje","product_cat-proteccion-de-cargas"],"_links":{"self":[{"href":"https:\/\/cifsa.co.cr\/web\/pa\/wp-json\/wp\/v2\/product\/6552","targetHints":{"allow":["GET"]}}],"collection":[{"href":"https:\/\/cifsa.co.cr\/web\/pa\/wp-json\/wp\/v2\/product"}],"about":[{"href":"https:\/\/cifsa.co.cr\/web\/pa\/wp-json\/wp\/v2\/types\/product"}],"wp:featuredmedia":[{"embeddable":true,"href":"https:\/\/cifsa.co.cr\/web\/pa\/wp-json\/wp\/v2\/media\/5843"}],"wp:attachment":[{"href":"https:\/\/cifsa.co.cr\/web\/pa\/wp-json\/wp\/v2\/media?parent=6552"}],"wp:term":[{"taxonomy":"product_cat","embeddable":true,"href":"https:\/\/cifsa.co.cr\/web\/pa\/wp-json\/wp\/v2\/product_cat?post=6552"},{"taxonomy":"product_tag","embeddable":true,"href":"https:\/\/cifsa.co.cr\/web\/pa\/wp-json\/wp\/v2\/product_tag?post=6552"}],"curies":[{"name":"wp","href":"https:\/\/api.w.org\/{rel}","templated":true}]}}