{"id":6557,"date":"2024-05-31T14:32:04","date_gmt":"2024-05-31T14:32:04","guid":{"rendered":"https:\/\/cifsa.co.cr\/web\/pa\/?post_type=product&#038;p=6557"},"modified":"2024-06-25T20:14:57","modified_gmt":"2024-06-25T20:14:57","slug":"flejadora-signode-h-22-fleje-composite","status":"publish","type":"product","link":"https:\/\/cifsa.co.cr\/web\/pa\/producto\/flejadora-signode-h-22-fleje-composite\/","title":{"rendered":"FLEJADORA SIGNODE H-22 (FLEJE COMPOSITE)"},"content":{"rendered":"<p>Tensor mec\u00e1nico con ganchos met\u00e1licos para tensi\u00f3n de correa. La m\u00e1quina tensa y corta la cinta.<\/p>\n","protected":false},"excerpt":{"rendered":"<p>FLEJADORA SIGNODE H-22 (FLEJE COMPOSITE)<\/p>\n","protected":false},"featured_media":5851,"template":"","meta":[],"product_cat":[100,109,101],"product_tag":[],"class_list":["post-6557","product","type-product","status-publish","has-post-thumbnail","hentry","product_cat-aseguramiento-logistico","product_cat-fleje","product_cat-proteccion-de-cargas"],"_links":{"self":[{"href":"https:\/\/cifsa.co.cr\/web\/pa\/wp-json\/wp\/v2\/product\/6557","targetHints":{"allow":["GET"]}}],"collection":[{"href":"https:\/\/cifsa.co.cr\/web\/pa\/wp-json\/wp\/v2\/product"}],"about":[{"href":"https:\/\/cifsa.co.cr\/web\/pa\/wp-json\/wp\/v2\/types\/product"}],"wp:featuredmedia":[{"embeddable":true,"href":"https:\/\/cifsa.co.cr\/web\/pa\/wp-json\/wp\/v2\/media\/5851"}],"wp:attachment":[{"href":"https:\/\/cifsa.co.cr\/web\/pa\/wp-json\/wp\/v2\/media?parent=6557"}],"wp:term":[{"taxonomy":"product_cat","embeddable":true,"href":"https:\/\/cifsa.co.cr\/web\/pa\/wp-json\/wp\/v2\/product_cat?post=6557"},{"taxonomy":"product_tag","embeddable":true,"href":"https:\/\/cifsa.co.cr\/web\/pa\/wp-json\/wp\/v2\/product_tag?post=6557"}],"curies":[{"name":"wp","href":"https:\/\/api.w.org\/{rel}","templated":true}]}}