{"id":6560,"date":"2024-05-31T14:32:04","date_gmt":"2024-05-31T14:32:04","guid":{"rendered":"https:\/\/cifsa.co.cr\/web\/pa\/?post_type=product&#038;p=6560"},"modified":"2024-05-31T14:32:06","modified_gmt":"2024-05-31T14:32:06","slug":"go-wireless-30-dias","status":"publish","type":"product","link":"https:\/\/cifsa.co.cr\/web\/pa\/producto\/go-wireless-30-dias\/","title":{"rendered":"GO WIRELESS 30 DIAS"},"content":{"rendered":"<p>Registrador peque\u00f1o y plano. Registro digital de hora y temperatura. Preprogramado con especificaciones de rango de temperatura. \u00datil para los an\u00e1lisis de superficies<\/p>\n","protected":false},"excerpt":{"rendered":"<p>GO WIRELESS 30 DIAS<\/p>\n","protected":false},"featured_media":5854,"template":"","meta":[],"product_cat":[100,124,117],"product_tag":[],"class_list":["post-6560","product","type-product","status-publish","has-post-thumbnail","hentry","product_cat-aseguramiento-logistico","product_cat-cadena-de-frio","product_cat-soluciones-tecnologicas-industriales"],"_links":{"self":[{"href":"https:\/\/cifsa.co.cr\/web\/pa\/wp-json\/wp\/v2\/product\/6560","targetHints":{"allow":["GET"]}}],"collection":[{"href":"https:\/\/cifsa.co.cr\/web\/pa\/wp-json\/wp\/v2\/product"}],"about":[{"href":"https:\/\/cifsa.co.cr\/web\/pa\/wp-json\/wp\/v2\/types\/product"}],"wp:featuredmedia":[{"embeddable":true,"href":"https:\/\/cifsa.co.cr\/web\/pa\/wp-json\/wp\/v2\/media\/5854"}],"wp:attachment":[{"href":"https:\/\/cifsa.co.cr\/web\/pa\/wp-json\/wp\/v2\/media?parent=6560"}],"wp:term":[{"taxonomy":"product_cat","embeddable":true,"href":"https:\/\/cifsa.co.cr\/web\/pa\/wp-json\/wp\/v2\/product_cat?post=6560"},{"taxonomy":"product_tag","embeddable":true,"href":"https:\/\/cifsa.co.cr\/web\/pa\/wp-json\/wp\/v2\/product_tag?post=6560"}],"curies":[{"name":"wp","href":"https:\/\/api.w.org\/{rel}","templated":true}]}}