{"id":6567,"date":"2024-05-31T14:32:05","date_gmt":"2024-05-31T14:32:05","guid":{"rendered":"https:\/\/cifsa.co.cr\/web\/pa\/?post_type=product&#038;p=6567"},"modified":"2024-05-31T14:32:06","modified_gmt":"2024-05-31T14:32:06","slug":"pistola-itw","status":"publish","type":"product","link":"https:\/\/cifsa.co.cr\/web\/pa\/producto\/pistola-itw\/","title":{"rendered":"PISTOLA ITW"},"content":{"rendered":"<p>El sistema de inflado Shippers Turbo Flow est\u00e1 fabricado para llenar bolsas de estiba en segundos en lugar de minutos. Las bolsas de aire de menor tama\u00f1o se inflar\u00e1n en aproximadamente 10 segundos o menos.<\/p>\n","protected":false},"excerpt":{"rendered":"<p>PISTOLA ITW<\/p>\n","protected":false},"featured_media":6285,"template":"","meta":[],"product_cat":[100,102,101],"product_tag":[],"class_list":["post-6567","product","type-product","status-publish","has-post-thumbnail","hentry","product_cat-aseguramiento-logistico","product_cat-embalaje-protector","product_cat-proteccion-de-cargas"],"_links":{"self":[{"href":"https:\/\/cifsa.co.cr\/web\/pa\/wp-json\/wp\/v2\/product\/6567","targetHints":{"allow":["GET"]}}],"collection":[{"href":"https:\/\/cifsa.co.cr\/web\/pa\/wp-json\/wp\/v2\/product"}],"about":[{"href":"https:\/\/cifsa.co.cr\/web\/pa\/wp-json\/wp\/v2\/types\/product"}],"wp:featuredmedia":[{"embeddable":true,"href":"https:\/\/cifsa.co.cr\/web\/pa\/wp-json\/wp\/v2\/media\/6285"}],"wp:attachment":[{"href":"https:\/\/cifsa.co.cr\/web\/pa\/wp-json\/wp\/v2\/media?parent=6567"}],"wp:term":[{"taxonomy":"product_cat","embeddable":true,"href":"https:\/\/cifsa.co.cr\/web\/pa\/wp-json\/wp\/v2\/product_cat?post=6567"},{"taxonomy":"product_tag","embeddable":true,"href":"https:\/\/cifsa.co.cr\/web\/pa\/wp-json\/wp\/v2\/product_tag?post=6567"}],"curies":[{"name":"wp","href":"https:\/\/api.w.org\/{rel}","templated":true}]}}