{"id":6570,"date":"2024-05-31T14:32:05","date_gmt":"2024-05-31T14:32:05","guid":{"rendered":"https:\/\/cifsa.co.cr\/web\/pa\/?post_type=product&#038;p=6570"},"modified":"2024-05-31T14:32:07","modified_gmt":"2024-05-31T14:32:07","slug":"selladora-fleje-metalico-signode","status":"publish","type":"product","link":"https:\/\/cifsa.co.cr\/web\/pa\/producto\/selladora-fleje-metalico-signode\/","title":{"rendered":"SELLADORA FLEJE METALICO SIGNODE"},"content":{"rendered":"<p>Nuestros selladores de acero brindan una acci\u00f3n de sellado positiva con un esfuerzo m\u00ednimo del operador, nuestras herramientas manuales son livianas y duraderas y bloquear\u00e1n los extremos de las correas en una uni\u00f3n de alta resistencia.<\/p>\n","protected":false},"excerpt":{"rendered":"<p>SELLADORA FLEJE METALICO SIGNODE<\/p>\n","protected":false},"featured_media":5863,"template":"","meta":[],"product_cat":[100,109,101],"product_tag":[],"class_list":["post-6570","product","type-product","status-publish","has-post-thumbnail","hentry","product_cat-aseguramiento-logistico","product_cat-fleje","product_cat-proteccion-de-cargas"],"_links":{"self":[{"href":"https:\/\/cifsa.co.cr\/web\/pa\/wp-json\/wp\/v2\/product\/6570","targetHints":{"allow":["GET"]}}],"collection":[{"href":"https:\/\/cifsa.co.cr\/web\/pa\/wp-json\/wp\/v2\/product"}],"about":[{"href":"https:\/\/cifsa.co.cr\/web\/pa\/wp-json\/wp\/v2\/types\/product"}],"wp:featuredmedia":[{"embeddable":true,"href":"https:\/\/cifsa.co.cr\/web\/pa\/wp-json\/wp\/v2\/media\/5863"}],"wp:attachment":[{"href":"https:\/\/cifsa.co.cr\/web\/pa\/wp-json\/wp\/v2\/media?parent=6570"}],"wp:term":[{"taxonomy":"product_cat","embeddable":true,"href":"https:\/\/cifsa.co.cr\/web\/pa\/wp-json\/wp\/v2\/product_cat?post=6570"},{"taxonomy":"product_tag","embeddable":true,"href":"https:\/\/cifsa.co.cr\/web\/pa\/wp-json\/wp\/v2\/product_tag?post=6570"}],"curies":[{"name":"wp","href":"https:\/\/api.w.org\/{rel}","templated":true}]}}