{"id":6574,"date":"2024-05-31T14:32:05","date_gmt":"2024-05-31T14:32:05","guid":{"rendered":"https:\/\/cifsa.co.cr\/web\/pa\/?post_type=product&#038;p=6574"},"modified":"2024-05-31T14:32:07","modified_gmt":"2024-05-31T14:32:07","slug":"termografo-emerson-go-xl5g","status":"publish","type":"product","link":"https:\/\/cifsa.co.cr\/web\/pa\/producto\/termografo-emerson-go-xl5g\/","title":{"rendered":"TERMOGRAFO EMERSON GO XL5G"},"content":{"rendered":"<p>Un sistema f\u00e1cil de usar para monitorear sus cargas. Vida \u00fatil de la bater\u00eda extendida para cubrir env\u00edos internacionales. Visibilidad mundial con alertas por mensajes de correo electr\u00f3nico\/texto. Acceso a reportes de temperatura antes de la entrega final<\/p>\n","protected":false},"excerpt":{"rendered":"<p>TERMOGRAFO EMERSON GO XL5G<\/p>\n","protected":false},"featured_media":5867,"template":"","meta":[],"product_cat":[100,124,117],"product_tag":[],"class_list":["post-6574","product","type-product","status-publish","has-post-thumbnail","hentry","product_cat-aseguramiento-logistico","product_cat-cadena-de-frio","product_cat-soluciones-tecnologicas-industriales"],"_links":{"self":[{"href":"https:\/\/cifsa.co.cr\/web\/pa\/wp-json\/wp\/v2\/product\/6574","targetHints":{"allow":["GET"]}}],"collection":[{"href":"https:\/\/cifsa.co.cr\/web\/pa\/wp-json\/wp\/v2\/product"}],"about":[{"href":"https:\/\/cifsa.co.cr\/web\/pa\/wp-json\/wp\/v2\/types\/product"}],"wp:featuredmedia":[{"embeddable":true,"href":"https:\/\/cifsa.co.cr\/web\/pa\/wp-json\/wp\/v2\/media\/5867"}],"wp:attachment":[{"href":"https:\/\/cifsa.co.cr\/web\/pa\/wp-json\/wp\/v2\/media?parent=6574"}],"wp:term":[{"taxonomy":"product_cat","embeddable":true,"href":"https:\/\/cifsa.co.cr\/web\/pa\/wp-json\/wp\/v2\/product_cat?post=6574"},{"taxonomy":"product_tag","embeddable":true,"href":"https:\/\/cifsa.co.cr\/web\/pa\/wp-json\/wp\/v2\/product_tag?post=6574"}],"curies":[{"name":"wp","href":"https:\/\/api.w.org\/{rel}","templated":true}]}}