{"id":6575,"date":"2024-05-31T14:32:07","date_gmt":"2024-05-31T14:32:07","guid":{"rendered":"https:\/\/cifsa.co.cr\/web\/pa\/?post_type=product&#038;p=6575"},"modified":"2024-05-31T14:32:08","modified_gmt":"2024-05-31T14:32:08","slug":"termografo-emerson-pdf-mini","status":"publish","type":"product","link":"https:\/\/cifsa.co.cr\/web\/pa\/producto\/termografo-emerson-pdf-mini\/","title":{"rendered":"TERMOGRAFO EMERSON PDF MINI"},"content":{"rendered":"<p>Registrador peque\u00f1o, plano y sumergible. Registro digital de hora y temperatura. Dise\u00f1o \u00fanico que se conecta directamente al puerto USB; genera un archivo de datos PDF. Funcionamiento totalmente independiente: elimina los lectores y el software<\/p>\n","protected":false},"excerpt":{"rendered":"<p>TERMOGRAFO EMERSON PDF MINI<\/p>\n","protected":false},"featured_media":5868,"template":"","meta":[],"product_cat":[100,124,117],"product_tag":[],"class_list":["post-6575","product","type-product","status-publish","has-post-thumbnail","hentry","product_cat-aseguramiento-logistico","product_cat-cadena-de-frio","product_cat-soluciones-tecnologicas-industriales"],"_links":{"self":[{"href":"https:\/\/cifsa.co.cr\/web\/pa\/wp-json\/wp\/v2\/product\/6575","targetHints":{"allow":["GET"]}}],"collection":[{"href":"https:\/\/cifsa.co.cr\/web\/pa\/wp-json\/wp\/v2\/product"}],"about":[{"href":"https:\/\/cifsa.co.cr\/web\/pa\/wp-json\/wp\/v2\/types\/product"}],"wp:featuredmedia":[{"embeddable":true,"href":"https:\/\/cifsa.co.cr\/web\/pa\/wp-json\/wp\/v2\/media\/5868"}],"wp:attachment":[{"href":"https:\/\/cifsa.co.cr\/web\/pa\/wp-json\/wp\/v2\/media?parent=6575"}],"wp:term":[{"taxonomy":"product_cat","embeddable":true,"href":"https:\/\/cifsa.co.cr\/web\/pa\/wp-json\/wp\/v2\/product_cat?post=6575"},{"taxonomy":"product_tag","embeddable":true,"href":"https:\/\/cifsa.co.cr\/web\/pa\/wp-json\/wp\/v2\/product_tag?post=6575"}],"curies":[{"name":"wp","href":"https:\/\/api.w.org\/{rel}","templated":true}]}}