{"id":63,"date":"2014-08-29T08:00:40","date_gmt":"2014-08-29T08:00:40","guid":{"rendered":"http:\/\/wp\/?page_id=63"},"modified":"2024-06-13T12:46:53","modified_gmt":"2024-06-13T18:46:53","slug":"quienes-somos","status":"publish","type":"page","link":"https:\/\/cifsa.co.cr\/web\/sv\/quienes-somos\/","title":{"rendered":"Quienes Somos"},"content":{"rendered":"\n<style type=\"text\/css\" data-created_by=\"avia_inline_auto\" id=\"style-css-av-l3j126fi-afbbab73384f03e00ba06b0c6f7fe22d\">\n.avia-section.av-l3j126fi-afbbab73384f03e00ba06b0c6f7fe22d{\nbackground-repeat:no-repeat;\nbackground-image:url(https:\/\/cifsa.co.cr\/web\/sv\/wp-content\/uploads\/sites\/5\/2022\/05\/bg-about.jpg);\nbackground-position:0% 0%;\nbackground-attachment:scroll;\n}\n<\/style>\n<div id='header-page'  class='avia-section av-l3j126fi-afbbab73384f03e00ba06b0c6f7fe22d main_color avia-section-default avia-no-border-styling  avia-builder-el-0  el_before_av_section  avia-builder-el-first  avia-full-stretch avia-bg-style-scroll container_wrap fullsize'  data-section-bg-repeat='stretch'><div class='container av-section-cont-open' ><main  role=\"main\" itemprop=\"mainContentOfPage\"  class='template-page content  av-content-full alpha units'><div class='post-entry post-entry-type-page post-entry-63'><div class='entry-content-wrapper clearfix'>\n\n<style type=\"text\/css\" data-created_by=\"avia_inline_auto\" id=\"style-css-av-l3j16e2z-8de105a221cf0ab420b54d524b516f9e\">\n#top .av-special-heading.av-l3j16e2z-8de105a221cf0ab420b54d524b516f9e{\npadding-bottom:0px;\ncolor:#ffffff;\n}\nbody .av-special-heading.av-l3j16e2z-8de105a221cf0ab420b54d524b516f9e .av-special-heading-tag .heading-char{\nfont-size:25px;\n}\n.av-special-heading.av-l3j16e2z-8de105a221cf0ab420b54d524b516f9e .special-heading-inner-border{\nborder-color:#ffffff;\n}\n.av-special-heading.av-l3j16e2z-8de105a221cf0ab420b54d524b516f9e .av-subheading{\nfont-size:15px;\n}\n<\/style>\n<div  class='av-special-heading av-l3j16e2z-8de105a221cf0ab420b54d524b516f9e av-special-heading-h1 custom-color-heading blockquote modern-quote modern-centered  avia-builder-el-1  avia-builder-el-no-sibling '><h1 class='av-special-heading-tag'  itemprop=\"headline\"  >Quienes Somos<\/h1><div class=\"special-heading-border\"><div class=\"special-heading-inner-border\"><\/div><\/div><\/div>\n\n<\/div><\/div><\/main><!-- close content main element --><\/div><\/div><div id='about-section'  class='avia-section av-2spl7-35da2f8acc803e2c37cdbe792f70f501 main_color avia-section-default avia-no-border-styling  avia-builder-el-2  el_after_av_section  el_before_av_section  avia-bg-style-scroll container_wrap fullsize'  ><div class='container av-section-cont-open' ><div class='template-page content  av-content-full alpha units'><div class='post-entry post-entry-type-page post-entry-63'><div class='entry-content-wrapper clearfix'>\n\n<style type=\"text\/css\" data-created_by=\"avia_inline_auto\" id=\"style-css-av-l3j1idrs-7fe7be3abe3d4b58146addb8c927cd45\">\n#top .av-special-heading.av-l3j1idrs-7fe7be3abe3d4b58146addb8c927cd45{\npadding-bottom:0px;\ncolor:#0069b3;\n}\nbody .av-special-heading.av-l3j1idrs-7fe7be3abe3d4b58146addb8c927cd45 .av-special-heading-tag .heading-char{\nfont-size:25px;\n}\n.av-special-heading.av-l3j1idrs-7fe7be3abe3d4b58146addb8c927cd45 .special-heading-inner-border{\nborder-color:#0069b3;\n}\n.av-special-heading.av-l3j1idrs-7fe7be3abe3d4b58146addb8c927cd45 .av-subheading{\nfont-size:15px;\n}\n<\/style>\n<div  class='av-special-heading av-l3j1idrs-7fe7be3abe3d4b58146addb8c927cd45 av-special-heading-h3 custom-color-heading blockquote modern-quote modern-centered  avia-builder-el-3  el_before_av_one_fourth  avia-builder-el-first  font-roboto'><h3 class='av-special-heading-tag'  itemprop=\"headline\"  >soluciones de alta calidad y confiabilidad<\/h3><div class=\"special-heading-border\"><div class=\"special-heading-inner-border\"><\/div><\/div><\/div>\n<div class='flex_column av-3heh7-42f9c60d248b29472caecdc67f625296 av_one_fourth  avia-builder-el-4  el_after_av_heading  el_before_av_one_half  first flex_column_div '   ><\/div><div class='flex_column av-43ggj-e3fdb5d239ef7670913ff48f75318e67 av_one_half  avia-builder-el-5  el_after_av_one_fourth  el_before_av_one_fourth  flex_column_div '   ><style type=\"text\/css\" data-created_by=\"avia_inline_auto\" id=\"style-css-av-l3j1m06q-e0796dcb383d4c016b282f3eca1cb173\">\n#top .av_textblock_section.av-l3j1m06q-e0796dcb383d4c016b282f3eca1cb173 .avia_textblock{\nfont-size:17px;\ncolor:#7b7b7b;\n}\n<\/style>\n<section  class='av_textblock_section av-l3j1m06q-e0796dcb383d4c016b282f3eca1cb173'  itemscope=\"itemscope\" itemtype=\"https:\/\/schema.org\/CreativeWork\" ><div class='avia_textblock av_inherit_color'  itemprop=\"text\" ><p style=\"text-align: center\">Brindamos soluciones en <strong>aseguramiento de la cadena log\u00edstica y seguridad industrial<\/strong>; ambas con productos de alta calidad y cumpliendo con los principales est\u00e1ndares de seguridad de la industria.<\/p>\n<\/div><\/section><\/div><div class='flex_column av-3hqwf-0997c0ddac31d7254e64640e944f71be av_one_fourth  avia-builder-el-7  el_after_av_one_half  avia-builder-el-last  flex_column_div '   ><\/div>\n\n<\/div><\/div><\/div><!-- close content main div --><\/div><\/div><div id='av_section_3'  class='avia-section av-lw9dnzgm-a5d90b9899a16769fd9b98c40ef87c48 main_color avia-section-default avia-no-border-styling  avia-builder-el-8  el_after_av_section  el_before_av_section  avia-bg-style-scroll container_wrap fullsize'  ><div class='container av-section-cont-open' ><div class='template-page content  av-content-full alpha units'><div class='post-entry post-entry-type-page post-entry-63'><div class='entry-content-wrapper clearfix'>\n<div class='flex_column av-21jyr-d4dc5c246aa2929ea05f71d3c1833746 av_one_third  avia-builder-el-9  el_before_av_one_third  avia-builder-el-first  first flex_column_div '   ><p>\n<style type=\"text\/css\" data-created_by=\"avia_inline_auto\" id=\"style-css-av-l3j2e5wh-d9ae79024f3913a9bcfbc3253844417a\">\n.avia-image-container.av-l3j2e5wh-d9ae79024f3913a9bcfbc3253844417a .av-image-caption-overlay-center{\ncolor:#ffffff;\n}\n<\/style>\n<div  class='avia-image-container av-l3j2e5wh-d9ae79024f3913a9bcfbc3253844417a av-styling- avia-align-center  avia-builder-el-10  el_before_av_textblock  avia-builder-el-first '  itemprop=\"image\" itemscope=\"itemscope\" itemtype=\"https:\/\/schema.org\/ImageObject\" ><div class=\"avia-image-container-inner\"><div class=\"avia-image-overlay-wrap\"><img decoding=\"async\" class='wp-image-1825 avia-img-lazy-loading-not-1825 avia_image' src=\"https:\/\/cifsa.co.cr\/web\/sv\/wp-content\/uploads\/sites\/5\/2024\/06\/i1.png\" alt='' title='i1'  height=\"135\" width=\"135\"  itemprop=\"thumbnailUrl\" srcset=\"https:\/\/cifsa.co.cr\/web\/sv\/wp-content\/uploads\/sites\/5\/2024\/06\/i1.png 135w, https:\/\/cifsa.co.cr\/web\/sv\/wp-content\/uploads\/sites\/5\/2024\/06\/i1-80x80.png 80w, https:\/\/cifsa.co.cr\/web\/sv\/wp-content\/uploads\/sites\/5\/2024\/06\/i1-36x36.png 36w, https:\/\/cifsa.co.cr\/web\/sv\/wp-content\/uploads\/sites\/5\/2024\/06\/i1-100x100.png 100w\" sizes=\"(max-width: 135px) 100vw, 135px\" \/><\/div><\/div><\/div><br \/>\n\n<style type=\"text\/css\" data-created_by=\"avia_inline_auto\" id=\"style-css-av-l3j2dklc-e3917f4144d9cc0ac8d22a472b68455c\">\n#top .av_textblock_section.av-l3j2dklc-e3917f4144d9cc0ac8d22a472b68455c .avia_textblock{\ncolor:#7b7b7b;\n}\n<\/style>\n<section  class='av_textblock_section av-l3j2dklc-e3917f4144d9cc0ac8d22a472b68455c'  itemscope=\"itemscope\" itemtype=\"https:\/\/schema.org\/CreativeWork\" ><div class='avia_textblock font-roboto av_inherit_color'  itemprop=\"text\" ><h4 style=\"text-align: center\">Log\u00edstica<\/h4>\n<\/div><\/section><br \/>\n<section  class='av_textblock_section av-lw9dh86n-9cdcf4a6d6d2872280bb78b1d647d49b'  itemscope=\"itemscope\" itemtype=\"https:\/\/schema.org\/CreativeWork\" ><div class='avia_textblock'  itemprop=\"text\" ><p style=\"text-align: center\">Una cadena de log\u00edstica bien asegurada permite que toda mercanc\u00eda entre ellas: la agr\u00edcola, industrial, alimentaria y personal llegue a su fin conservando la calidad y seguridad, desde que nace en el fabricante, viaja con el operador, se resguarda en bodegas y finaliza en manos de un consumidor. Esto genera resultados positivos en optimizaci\u00f3n, costos y satisfacci\u00f3n del cliente..<\/p>\n<\/div><\/section><\/p><\/div><div class='flex_column av-1cqzj-62dba1842365e918d7bfea73dd8985c1 av_one_third  avia-builder-el-13  el_after_av_one_third  el_before_av_one_third  flex_column_div '   ><p>\n<style type=\"text\/css\" data-created_by=\"avia_inline_auto\" id=\"style-css-av-1bp0v-f2cb3cf630c105fb41232ebc892e0a03\">\n.avia-image-container.av-1bp0v-f2cb3cf630c105fb41232ebc892e0a03 .av-image-caption-overlay-center{\ncolor:#ffffff;\n}\n<\/style>\n<div  class='avia-image-container av-1bp0v-f2cb3cf630c105fb41232ebc892e0a03 av-styling- avia-align-center  avia-builder-el-14  el_before_av_textblock  avia-builder-el-first '  itemprop=\"image\" itemscope=\"itemscope\" itemtype=\"https:\/\/schema.org\/ImageObject\" ><div class=\"avia-image-container-inner\"><div class=\"avia-image-overlay-wrap\"><img decoding=\"async\" class='wp-image-1826 avia-img-lazy-loading-not-1826 avia_image' src=\"https:\/\/cifsa.co.cr\/web\/sv\/wp-content\/uploads\/sites\/5\/2024\/06\/i2.png\" alt='' title='i2'  height=\"135\" width=\"135\"  itemprop=\"thumbnailUrl\" srcset=\"https:\/\/cifsa.co.cr\/web\/sv\/wp-content\/uploads\/sites\/5\/2024\/06\/i2.png 135w, https:\/\/cifsa.co.cr\/web\/sv\/wp-content\/uploads\/sites\/5\/2024\/06\/i2-80x80.png 80w, https:\/\/cifsa.co.cr\/web\/sv\/wp-content\/uploads\/sites\/5\/2024\/06\/i2-36x36.png 36w, https:\/\/cifsa.co.cr\/web\/sv\/wp-content\/uploads\/sites\/5\/2024\/06\/i2-100x100.png 100w\" sizes=\"(max-width: 135px) 100vw, 135px\" \/><\/div><\/div><\/div><br \/>\n\n<style type=\"text\/css\" data-created_by=\"avia_inline_auto\" id=\"style-css-av-41sz-59b94f43b89422630db22b21f3cab80f\">\n#top .av_textblock_section.av-41sz-59b94f43b89422630db22b21f3cab80f .avia_textblock{\ncolor:#7b7b7b;\n}\n<\/style>\n<section  class='av_textblock_section av-41sz-59b94f43b89422630db22b21f3cab80f'  itemscope=\"itemscope\" itemtype=\"https:\/\/schema.org\/CreativeWork\" ><div class='avia_textblock font-roboto av_inherit_color'  itemprop=\"text\" ><h4 style=\"text-align: center\">Seguridad<\/h4>\n<\/div><\/section><br \/>\n<section  class='av_textblock_section av-wwoz-cf58ba39b887504a5ed0ef7d25ae9db0'  itemscope=\"itemscope\" itemtype=\"https:\/\/schema.org\/CreativeWork\" ><div class='avia_textblock'  itemprop=\"text\" ><p style=\"text-align: center\">Debe contemplar y ser integral en la salud ocupacional; la seguridad del activo m\u00e1s importante que son las personas siempre debe contar con herramientas preventivas, atenci\u00f3n al riesgo, comodidad y generar tranquilidad en todo tipo de operaci\u00f3n.<\/p>\n<\/div><\/section><\/p><\/div><div class='flex_column av-tb53-fbc9e33294a5c7971c28738ab0babc66 av_one_third  avia-builder-el-17  el_after_av_one_third  avia-builder-el-last  flex_column_div '   ><p>\n<style type=\"text\/css\" data-created_by=\"avia_inline_auto\" id=\"style-css-av-l3j2dxcz-9e720a348baa3d0a24f671c19d5b0565\">\n.avia-image-container.av-l3j2dxcz-9e720a348baa3d0a24f671c19d5b0565 .av-image-caption-overlay-center{\ncolor:#ffffff;\n}\n<\/style>\n<div  class='avia-image-container av-l3j2dxcz-9e720a348baa3d0a24f671c19d5b0565 av-styling- avia-align-center  avia-builder-el-18  el_before_av_textblock  avia-builder-el-first '  itemprop=\"image\" itemscope=\"itemscope\" itemtype=\"https:\/\/schema.org\/ImageObject\" ><div class=\"avia-image-container-inner\"><div class=\"avia-image-overlay-wrap\"><img decoding=\"async\" class='wp-image-1827 avia-img-lazy-loading-not-1827 avia_image' src=\"https:\/\/cifsa.co.cr\/web\/sv\/wp-content\/uploads\/sites\/5\/2024\/06\/i3.png\" alt='' title='i3'  height=\"135\" width=\"135\"  itemprop=\"thumbnailUrl\" srcset=\"https:\/\/cifsa.co.cr\/web\/sv\/wp-content\/uploads\/sites\/5\/2024\/06\/i3.png 135w, https:\/\/cifsa.co.cr\/web\/sv\/wp-content\/uploads\/sites\/5\/2024\/06\/i3-80x80.png 80w, https:\/\/cifsa.co.cr\/web\/sv\/wp-content\/uploads\/sites\/5\/2024\/06\/i3-36x36.png 36w, https:\/\/cifsa.co.cr\/web\/sv\/wp-content\/uploads\/sites\/5\/2024\/06\/i3-100x100.png 100w\" sizes=\"(max-width: 135px) 100vw, 135px\" \/><\/div><\/div><\/div><br \/>\n\n<style type=\"text\/css\" data-created_by=\"avia_inline_auto\" id=\"style-css-av-l3j2datg-51bec8ef12b029d0aaf8d00751cb0dbe\">\n#top .av_textblock_section.av-l3j2datg-51bec8ef12b029d0aaf8d00751cb0dbe .avia_textblock{\ncolor:#7b7b7b;\n}\n<\/style>\n<section  class='av_textblock_section av-l3j2datg-51bec8ef12b029d0aaf8d00751cb0dbe'  itemscope=\"itemscope\" itemtype=\"https:\/\/schema.org\/CreativeWork\" ><div class='avia_textblock font-roboto av_inherit_color'  itemprop=\"text\" ><h4 style=\"text-align: center\">Eco Friendly<\/h4>\n<\/div><\/section><br \/>\n<section  class='av_textblock_section av-lw9dfpac-ca578b66ee5bb4a6acd05ffae5cb6eef'  itemscope=\"itemscope\" itemtype=\"https:\/\/schema.org\/CreativeWork\" ><div class='avia_textblock'  itemprop=\"text\" ><p style=\"text-align: center\">Las pr\u00e1cticas ecol\u00f3gicas son pilares fundamentales e importantes para reducir el impacto ambiental y deben estar presentes en cualquier cadena y proceso industrial desde el insumo inicial, complementos y socios comerciales en cualquier tipo de comercio.<\/p>\n<\/div><\/section><\/p><\/div><\/div><\/div><\/div><!-- close content main div --><\/div><\/div>\n<style type=\"text\/css\" data-created_by=\"avia_inline_auto\" id=\"style-css-av-l3j2lqf6-bf6cb69337ed62acd18f97251afa3a0b\">\n.avia-section.av-l3j2lqf6-bf6cb69337ed62acd18f97251afa3a0b{\nbackground-color:#06145d;\nbackground-image:url(https:\/\/cifsa.co.cr\/web\/sv\/wp-content\/uploads\/sites\/5\/2022\/05\/bg-history.jpg);\nbackground-repeat:no-repeat;\nbackground-position:50% 0%;\nbackground-attachment:scroll;\n}\n<\/style>\n<div id='history'  class='avia-section av-l3j2lqf6-bf6cb69337ed62acd18f97251afa3a0b main_color avia-section-default avia-no-border-styling  avia-builder-el-21  el_after_av_section  el_before_av_section  avia-full-stretch avia-bg-style-scroll container_wrap fullsize'  data-section-bg-repeat='stretch'><div class='container av-section-cont-open' ><div class='template-page content  av-content-full alpha units'><div class='post-entry post-entry-type-page post-entry-63'><div class='entry-content-wrapper clearfix'>\n<div class='flex_column av-l3j2t8sg-4ee22ec0e854e580ea95c7d70f6a6ee4 av_three_fifth  avia-builder-el-22  el_before_av_two_fifth  avia-builder-el-first  first no_margin flex_column_div '   ><\/div><div class='flex_column av-1ndxn-7cf17c5b9379882bc1a0af46a9fa7346 av_two_fifth  avia-builder-el-23  el_after_av_three_fifth  avia-builder-el-last  no_margin flex_column_div '   ><p>\n<style type=\"text\/css\" data-created_by=\"avia_inline_auto\" id=\"style-css-av-l3j2nh97-cdbfc7ca7be43910f64316409494b435\">\n#top .av-special-heading.av-l3j2nh97-cdbfc7ca7be43910f64316409494b435{\npadding-bottom:0px;\ncolor:#ffffff;\n}\nbody .av-special-heading.av-l3j2nh97-cdbfc7ca7be43910f64316409494b435 .av-special-heading-tag .heading-char{\nfont-size:25px;\n}\n.av-special-heading.av-l3j2nh97-cdbfc7ca7be43910f64316409494b435 .special-heading-inner-border{\nborder-color:#ffffff;\n}\n.av-special-heading.av-l3j2nh97-cdbfc7ca7be43910f64316409494b435 .av-subheading{\nfont-size:15px;\n}\n<\/style>\n<div  class='av-special-heading av-l3j2nh97-cdbfc7ca7be43910f64316409494b435 av-special-heading-h3 custom-color-heading blockquote modern-quote  avia-builder-el-24  el_before_av_textblock  avia-builder-el-first  font-roboto'><h3 class='av-special-heading-tag'  itemprop=\"headline\"  >Nuestra historia<\/h3><div class=\"special-heading-border\"><div class=\"special-heading-inner-border\"><\/div><\/div><\/div><br \/>\n\n<style type=\"text\/css\" data-created_by=\"avia_inline_auto\" id=\"style-css-av-l3j2oonv-290c4b149c149c469b023f083f6c24bc\">\n#top .av_textblock_section.av-l3j2oonv-290c4b149c149c469b023f083f6c24bc .avia_textblock{\nfont-size:18px;\ncolor:#ffffff;\ntext-align:justify;\n}\n<\/style>\n<section  class='av_textblock_section av-l3j2oonv-290c4b149c149c469b023f083f6c24bc'  itemscope=\"itemscope\" itemtype=\"https:\/\/schema.org\/CreativeWork\" ><div class='avia_textblock av_inherit_color'  itemprop=\"text\" ><p>Empresa familiar 100% costarricense fundada en el a\u00f1o 1990 por el Se\u00f1or Rafael Flores Le\u00f3n. Nace como parte de una oportunidad de negocios en primera instancia con productos de seguridad para log\u00edstica en transporte; por lo que inicialmente se incorporan las l\u00edneas de marchamos, bolsas de seguirdad, bolsas de aire, term\u00f3grafos y desecantes. Posteriormente se da la incorporaci\u00f3n de la l\u00ednea de seguridad industrial debido a la demanda de nuestros clientes y a una oportunidad de negocios detectada.<\/p>\n<\/div><\/section><\/p><\/div>\n<\/p>\n<\/div><\/div><\/div><!-- close content main div --><\/div><\/div><div id='visionandmision'  class='avia-section av-l3j34o07-aaf6937873abd1b7a030824ec25eb311 main_color avia-section-default avia-no-border-styling  avia-builder-el-26  el_after_av_section  avia-builder-el-last  avia-bg-style-scroll container_wrap fullsize'  ><div class='container av-section-cont-open' ><div class='template-page content  av-content-full alpha units'><div class='post-entry post-entry-type-page post-entry-63'><div class='entry-content-wrapper clearfix'>\n<div class='flex_column_table av-l3j35c7w-1bb7e9fc4df19d457c24ee92cab74d38 sc-av_two_fifth av-equal-height-column-flextable'>\n<style type=\"text\/css\" data-created_by=\"avia_inline_auto\" id=\"style-css-av-l3j35c7w-1bb7e9fc4df19d457c24ee92cab74d38\">\n.flex_column.av-l3j35c7w-1bb7e9fc4df19d457c24ee92cab74d38{\nbackground-color:#ebebeb;\n}\n<\/style>\n<div class='flex_column av-l3j35c7w-1bb7e9fc4df19d457c24ee92cab74d38 av_two_fifth  avia-builder-el-27  el_before_av_two_fifth  avia-builder-el-first  card-about first no_margin flex_column_table_cell av-equal-height-column av-align-top '   ><p>\n<style type=\"text\/css\" data-created_by=\"avia_inline_auto\" id=\"style-css-av-l3j3a6y8-1c9060f29f8560eae06be9cda427811f\">\n.avia-image-container.av-l3j3a6y8-1c9060f29f8560eae06be9cda427811f .av-image-caption-overlay-center{\ncolor:#ffffff;\n}\n<\/style>\n<div  class='avia-image-container av-l3j3a6y8-1c9060f29f8560eae06be9cda427811f av-styling- avia-align-center  avia-builder-el-28  el_before_av_heading  avia-builder-el-first '  itemprop=\"image\" itemscope=\"itemscope\" itemtype=\"https:\/\/schema.org\/ImageObject\" ><div class=\"avia-image-container-inner\"><div class=\"avia-image-overlay-wrap\"><img decoding=\"async\" class='avia-img-lazy-loading-not- avia_image' src=\"https:\/\/cifsa.co.cr\/web\/sv\/wp-content\/uploads\/sites\/5\/2022\/05\/icon-vision.svg\" alt='' title=''   itemprop=\"thumbnailUrl\"  \/><\/div><\/div><\/div><br \/>\n\n<style type=\"text\/css\" data-created_by=\"avia_inline_auto\" id=\"style-css-av-l3j3c3az-cbf824bc4ea38842b4e509b6470b6a2c\">\n#top .av-special-heading.av-l3j3c3az-cbf824bc4ea38842b4e509b6470b6a2c{\npadding-bottom:10px;\ncolor:#0069b3;\n}\nbody .av-special-heading.av-l3j3c3az-cbf824bc4ea38842b4e509b6470b6a2c .av-special-heading-tag .heading-char{\nfont-size:25px;\n}\n.av-special-heading.av-l3j3c3az-cbf824bc4ea38842b4e509b6470b6a2c .special-heading-inner-border{\nborder-color:#0069b3;\n}\n.av-special-heading.av-l3j3c3az-cbf824bc4ea38842b4e509b6470b6a2c .av-subheading{\nfont-size:15px;\n}\n<\/style>\n<div  class='av-special-heading av-l3j3c3az-cbf824bc4ea38842b4e509b6470b6a2c av-special-heading-h3 custom-color-heading blockquote modern-quote modern-centered  avia-builder-el-29  el_after_av_image  el_before_av_textblock '><h3 class='av-special-heading-tag'  itemprop=\"headline\"  >Misi\u00f3n<\/h3><div class=\"special-heading-border\"><div class=\"special-heading-inner-border\"><\/div><\/div><\/div><br \/>\n\n<style type=\"text\/css\" data-created_by=\"avia_inline_auto\" id=\"style-css-av-l3j3ayqq-0ee59f5c5bc37c1751e5c6e35e594ef5\">\n#top .av_textblock_section.av-l3j3ayqq-0ee59f5c5bc37c1751e5c6e35e594ef5 .avia_textblock{\nfont-size:18px;\n}\n<\/style>\n<section  class='av_textblock_section av-l3j3ayqq-0ee59f5c5bc37c1751e5c6e35e594ef5'  itemscope=\"itemscope\" itemtype=\"https:\/\/schema.org\/CreativeWork\" ><div class='avia_textblock'  itemprop=\"text\" ><p style=\"text-align: center\"><span class=\"OYPEnA text-decoration-none text-strikethrough-none\">Ser la primera opci\u00f3n de preferencia en uniformes industriales y protecci\u00f3n de la carga para nuestros clientes<\/span>.<\/p>\n<\/div><\/section><\/p><\/div>\n<style type=\"text\/css\" data-created_by=\"avia_inline_auto\" id=\"style-css-av-1307r-883e97edcd8a066fa121c37d736e5293\">\n.flex_column.av-1307r-883e97edcd8a066fa121c37d736e5293{\nbackground-color:#ebebeb;\n}\n<\/style>\n<div class='flex_column av-1307r-883e97edcd8a066fa121c37d736e5293 av_two_fifth  avia-builder-el-31  el_after_av_two_fifth  avia-builder-el-last  card-about no_margin flex_column_table_cell av-equal-height-column av-align-top '   ><p>\n<style type=\"text\/css\" data-created_by=\"avia_inline_auto\" id=\"style-css-av-l3j3da8a-b6f8a699cf4ab5e5236c6cbd3782e00e\">\n.avia-image-container.av-l3j3da8a-b6f8a699cf4ab5e5236c6cbd3782e00e .av-image-caption-overlay-center{\ncolor:#ffffff;\n}\n<\/style>\n<div  class='avia-image-container av-l3j3da8a-b6f8a699cf4ab5e5236c6cbd3782e00e av-styling- avia-align-center  avia-builder-el-32  el_before_av_heading  avia-builder-el-first '  itemprop=\"image\" itemscope=\"itemscope\" itemtype=\"https:\/\/schema.org\/ImageObject\" ><div class=\"avia-image-container-inner\"><div class=\"avia-image-overlay-wrap\"><img decoding=\"async\" class='avia-img-lazy-loading-not- avia_image' src=\"https:\/\/cifsa.co.cr\/web\/sv\/wp-content\/uploads\/sites\/5\/2022\/05\/icon-mision.svg\" alt='' title=''   itemprop=\"thumbnailUrl\"  \/><\/div><\/div><\/div><br \/>\n\n<style type=\"text\/css\" data-created_by=\"avia_inline_auto\" id=\"style-css-av-l3j3dj0i-8f80cca8ee789c71568ca9a16ba13804\">\n#top .av-special-heading.av-l3j3dj0i-8f80cca8ee789c71568ca9a16ba13804{\npadding-bottom:10px;\ncolor:#0069b3;\n}\nbody .av-special-heading.av-l3j3dj0i-8f80cca8ee789c71568ca9a16ba13804 .av-special-heading-tag .heading-char{\nfont-size:25px;\n}\n.av-special-heading.av-l3j3dj0i-8f80cca8ee789c71568ca9a16ba13804 .special-heading-inner-border{\nborder-color:#0069b3;\n}\n.av-special-heading.av-l3j3dj0i-8f80cca8ee789c71568ca9a16ba13804 .av-subheading{\nfont-size:15px;\n}\n<\/style>\n<div  class='av-special-heading av-l3j3dj0i-8f80cca8ee789c71568ca9a16ba13804 av-special-heading-h3 custom-color-heading blockquote modern-quote modern-centered  avia-builder-el-33  el_after_av_image  el_before_av_textblock '><h3 class='av-special-heading-tag'  itemprop=\"headline\"  >Visi\u00f3n<\/h3><div class=\"special-heading-border\"><div class=\"special-heading-inner-border\"><\/div><\/div><\/div><br \/>\n\n<style type=\"text\/css\" data-created_by=\"avia_inline_auto\" id=\"style-css-av-l3j3fl6j-e0670a2b046f10eb050ed6e23300a094\">\n#top .av_textblock_section.av-l3j3fl6j-e0670a2b046f10eb050ed6e23300a094 .avia_textblock{\nfont-size:18px;\n}\n<\/style>\n<section  class='av_textblock_section av-l3j3fl6j-e0670a2b046f10eb050ed6e23300a094'  itemscope=\"itemscope\" itemtype=\"https:\/\/schema.org\/CreativeWork\" ><div class='avia_textblock'  itemprop=\"text\" ><p style=\"text-align: center\">Ser considerado la empresa referente en productos, servicio y asesor\u00eda t\u00e9cnica de calidad en nuestra industria.<\/p>\n<\/div><\/section><\/p><\/div><\/div><!--close column table wrapper. Autoclose: 1 -->\n\n","protected":false},"excerpt":{"rendered":"","protected":false},"author":1,"featured_media":0,"parent":0,"menu_order":0,"comment_status":"open","ping_status":"open","template":"","meta":{"footnotes":""},"class_list":["post-63","page","type-page","status-publish","hentry"],"_links":{"self":[{"href":"https:\/\/cifsa.co.cr\/web\/sv\/wp-json\/wp\/v2\/pages\/63","targetHints":{"allow":["GET"]}}],"collection":[{"href":"https:\/\/cifsa.co.cr\/web\/sv\/wp-json\/wp\/v2\/pages"}],"about":[{"href":"https:\/\/cifsa.co.cr\/web\/sv\/wp-json\/wp\/v2\/types\/page"}],"author":[{"embeddable":true,"href":"https:\/\/cifsa.co.cr\/web\/sv\/wp-json\/wp\/v2\/users\/1"}],"replies":[{"embeddable":true,"href":"https:\/\/cifsa.co.cr\/web\/sv\/wp-json\/wp\/v2\/comments?post=63"}],"version-history":[{"count":51,"href":"https:\/\/cifsa.co.cr\/web\/sv\/wp-json\/wp\/v2\/pages\/63\/revisions"}],"predecessor-version":[{"id":1828,"href":"https:\/\/cifsa.co.cr\/web\/sv\/wp-json\/wp\/v2\/pages\/63\/revisions\/1828"}],"wp:attachment":[{"href":"https:\/\/cifsa.co.cr\/web\/sv\/wp-json\/wp\/v2\/media?parent=63"}],"curies":[{"name":"wp","href":"https:\/\/api.w.org\/{rel}","templated":true}]}}