{"id":1558,"date":"2024-05-31T08:33:29","date_gmt":"2024-05-31T14:33:29","guid":{"rendered":"https:\/\/cifsa.co.cr\/web\/sv\/?post_type=product&#038;p=1558"},"modified":"2024-05-31T08:33:38","modified_gmt":"2024-05-31T14:33:38","slug":"guante-ansell-pu-11-727","status":"publish","type":"product","link":"https:\/\/cifsa.co.cr\/web\/sv\/product\/guante-ansell-pu-11-727\/","title":{"rendered":"GUANTE ANSELL PU 11-727"},"content":{"rendered":"<p>Protecci\u00f3n contra la abrasi\u00f3n de nivel 4 EN para una mayor vida \u00fatil del guante<br \/>\nUna tela ultraligera y adaptada a la mano, crea la sensaci\u00f3n de comodidad con las manos desnudas<\/p>\n","protected":false},"excerpt":{"rendered":"<p>GUANTE ANSELL PU 11-727<\/p>\n","protected":false},"featured_media":947,"template":"","meta":[],"product_cat":[112,111,113,106],"product_tag":[],"class_list":["post-1558","product","type-product","status-publish","has-post-thumbnail","hentry","product_cat-epp","product_cat-epp-rescate","product_cat-proteccion-de-manos","product_cat-seguridad-industrial"],"_links":{"self":[{"href":"https:\/\/cifsa.co.cr\/web\/sv\/wp-json\/wp\/v2\/product\/1558","targetHints":{"allow":["GET"]}}],"collection":[{"href":"https:\/\/cifsa.co.cr\/web\/sv\/wp-json\/wp\/v2\/product"}],"about":[{"href":"https:\/\/cifsa.co.cr\/web\/sv\/wp-json\/wp\/v2\/types\/product"}],"wp:featuredmedia":[{"embeddable":true,"href":"https:\/\/cifsa.co.cr\/web\/sv\/wp-json\/wp\/v2\/media\/947"}],"wp:attachment":[{"href":"https:\/\/cifsa.co.cr\/web\/sv\/wp-json\/wp\/v2\/media?parent=1558"}],"wp:term":[{"taxonomy":"product_cat","embeddable":true,"href":"https:\/\/cifsa.co.cr\/web\/sv\/wp-json\/wp\/v2\/product_cat?post=1558"},{"taxonomy":"product_tag","embeddable":true,"href":"https:\/\/cifsa.co.cr\/web\/sv\/wp-json\/wp\/v2\/product_tag?post=1558"}],"curies":[{"name":"wp","href":"https:\/\/api.w.org\/{rel}","templated":true}]}}