{"id":1575,"date":"2024-05-31T08:33:30","date_gmt":"2024-05-31T14:33:30","guid":{"rendered":"https:\/\/cifsa.co.cr\/web\/sv\/?post_type=product&#038;p=1575"},"modified":"2024-05-31T08:33:48","modified_gmt":"2024-05-31T14:33:48","slug":"rastreador-de-activos-gps-cifsa","status":"publish","type":"product","link":"https:\/\/cifsa.co.cr\/web\/sv\/product\/rastreador-de-activos-gps-cifsa\/","title":{"rendered":"RASTREADOR DE ACTIVOS GPS CIFSA"},"content":{"rendered":"<p>Dispositivo rastreador GPS dise\u00f1ado para aplicaciones robustas. Este dispositivo es perfecto para una amplia gama de implementaciones donde un tiempo de espera prolongado y una instalaci\u00f3n sencilla son clave. Un sensor de luz puede alertar cuando se retira el dispositivo, lo que aumenta a\u00fan m\u00e1s la seguridad y tranquilidad. (15 d\u00edas)<\/p>\n","protected":false},"excerpt":{"rendered":"<p>RASTREADOR DE ACTIVOS GPS CIFSA S1-2G<\/p>\n","protected":false},"featured_media":998,"template":"","meta":[],"product_cat":[101,119,118],"product_tag":[],"class_list":["post-1575","product","type-product","status-publish","has-post-thumbnail","hentry","product_cat-aseguramiento-logistico","product_cat-dispositivos-gps_trackers-carga","product_cat-soluciones-tecnologicas-industriales"],"_links":{"self":[{"href":"https:\/\/cifsa.co.cr\/web\/sv\/wp-json\/wp\/v2\/product\/1575","targetHints":{"allow":["GET"]}}],"collection":[{"href":"https:\/\/cifsa.co.cr\/web\/sv\/wp-json\/wp\/v2\/product"}],"about":[{"href":"https:\/\/cifsa.co.cr\/web\/sv\/wp-json\/wp\/v2\/types\/product"}],"wp:featuredmedia":[{"embeddable":true,"href":"https:\/\/cifsa.co.cr\/web\/sv\/wp-json\/wp\/v2\/media\/998"}],"wp:attachment":[{"href":"https:\/\/cifsa.co.cr\/web\/sv\/wp-json\/wp\/v2\/media?parent=1575"}],"wp:term":[{"taxonomy":"product_cat","embeddable":true,"href":"https:\/\/cifsa.co.cr\/web\/sv\/wp-json\/wp\/v2\/product_cat?post=1575"},{"taxonomy":"product_tag","embeddable":true,"href":"https:\/\/cifsa.co.cr\/web\/sv\/wp-json\/wp\/v2\/product_tag?post=1575"}],"curies":[{"name":"wp","href":"https:\/\/api.w.org\/{rel}","templated":true}]}}