{"id":1576,"date":"2024-05-31T08:33:30","date_gmt":"2024-05-31T14:33:30","guid":{"rendered":"https:\/\/cifsa.co.cr\/web\/sv\/?post_type=product&#038;p=1576"},"modified":"2024-05-31T08:33:48","modified_gmt":"2024-05-31T14:33:48","slug":"traje-micromax-lakeland-ctl428","status":"publish","type":"product","link":"https:\/\/cifsa.co.cr\/web\/sv\/product\/traje-micromax-lakeland-ctl428\/","title":{"rendered":"TRAJE MICROMAX LAKELAND CTL428"},"content":{"rendered":"<p>Tejido de pel\u00edcula laminada microporosa de alta calidad proporciona una resistencia superior a los l\u00edquidos, aceites ligeros y pulverizaciones ligeras de sustancias qu\u00edmicas l\u00edquidas.<\/p>\n","protected":false},"excerpt":{"rendered":"<p>TRAJE MICROMAX LAKELAND CTL428<\/p>\n","protected":false},"featured_media":999,"template":"","meta":[],"product_cat":[109,106,107],"product_tag":[],"class_list":["post-1576","product","type-product","status-publish","has-post-thumbnail","hentry","product_cat-proteccion-del-cuerpo","product_cat-seguridad-industrial","product_cat-uniformes-calzado"],"_links":{"self":[{"href":"https:\/\/cifsa.co.cr\/web\/sv\/wp-json\/wp\/v2\/product\/1576","targetHints":{"allow":["GET"]}}],"collection":[{"href":"https:\/\/cifsa.co.cr\/web\/sv\/wp-json\/wp\/v2\/product"}],"about":[{"href":"https:\/\/cifsa.co.cr\/web\/sv\/wp-json\/wp\/v2\/types\/product"}],"wp:featuredmedia":[{"embeddable":true,"href":"https:\/\/cifsa.co.cr\/web\/sv\/wp-json\/wp\/v2\/media\/999"}],"wp:attachment":[{"href":"https:\/\/cifsa.co.cr\/web\/sv\/wp-json\/wp\/v2\/media?parent=1576"}],"wp:term":[{"taxonomy":"product_cat","embeddable":true,"href":"https:\/\/cifsa.co.cr\/web\/sv\/wp-json\/wp\/v2\/product_cat?post=1576"},{"taxonomy":"product_tag","embeddable":true,"href":"https:\/\/cifsa.co.cr\/web\/sv\/wp-json\/wp\/v2\/product_tag?post=1576"}],"curies":[{"name":"wp","href":"https:\/\/api.w.org\/{rel}","templated":true}]}}