{"id":1577,"date":"2024-05-31T08:33:30","date_gmt":"2024-05-31T14:33:30","guid":{"rendered":"https:\/\/cifsa.co.cr\/web\/sv\/?post_type=product&#038;p=1577"},"modified":"2024-05-31T08:33:48","modified_gmt":"2024-05-31T14:33:48","slug":"traje-micromax-ts-lakeland-emnt414-con-botas","status":"publish","type":"product","link":"https:\/\/cifsa.co.cr\/web\/sv\/product\/traje-micromax-ts-lakeland-emnt414-con-botas\/","title":{"rendered":"TRAJE MICROMAX TS LAKELAND EMNT414 CON BOTAS"},"content":{"rendered":"<p>Tejido de pel\u00edcula laminada microporosa de alta calidad proporciona una resistencia superior a los l\u00edquidos, aceites ligeros y pulverizaciones ligeras de sustancias qu\u00edmicas l\u00edquidas.<\/p>\n","protected":false},"excerpt":{"rendered":"<p>TRAJE MICROMAX LAKELAND CTL428<\/p>\n","protected":false},"featured_media":1000,"template":"","meta":[],"product_cat":[109,106,107],"product_tag":[],"class_list":["post-1577","product","type-product","status-publish","has-post-thumbnail","hentry","product_cat-proteccion-del-cuerpo","product_cat-seguridad-industrial","product_cat-uniformes-calzado"],"_links":{"self":[{"href":"https:\/\/cifsa.co.cr\/web\/sv\/wp-json\/wp\/v2\/product\/1577","targetHints":{"allow":["GET"]}}],"collection":[{"href":"https:\/\/cifsa.co.cr\/web\/sv\/wp-json\/wp\/v2\/product"}],"about":[{"href":"https:\/\/cifsa.co.cr\/web\/sv\/wp-json\/wp\/v2\/types\/product"}],"wp:featuredmedia":[{"embeddable":true,"href":"https:\/\/cifsa.co.cr\/web\/sv\/wp-json\/wp\/v2\/media\/1000"}],"wp:attachment":[{"href":"https:\/\/cifsa.co.cr\/web\/sv\/wp-json\/wp\/v2\/media?parent=1577"}],"wp:term":[{"taxonomy":"product_cat","embeddable":true,"href":"https:\/\/cifsa.co.cr\/web\/sv\/wp-json\/wp\/v2\/product_cat?post=1577"},{"taxonomy":"product_tag","embeddable":true,"href":"https:\/\/cifsa.co.cr\/web\/sv\/wp-json\/wp\/v2\/product_tag?post=1577"}],"curies":[{"name":"wp","href":"https:\/\/api.w.org\/{rel}","templated":true}]}}