{"id":1583,"date":"2024-05-31T08:33:32","date_gmt":"2024-05-31T14:33:32","guid":{"rendered":"https:\/\/cifsa.co.cr\/web\/sv\/?post_type=product&#038;p=1583"},"modified":"2024-06-13T16:01:28","modified_gmt":"2024-06-13T22:01:28","slug":"absorbente-alc-125-3pack","status":"publish","type":"product","link":"https:\/\/cifsa.co.cr\/web\/sv\/product\/absorbente-alc-125-3pack\/","title":{"rendered":"ABSORBENTE ALC 125 (3PACK)"},"content":{"rendered":"<p>Desecantes ayuda a evitar p\u00e9rdidas y da\u00f1os en productos ya que al reducir la humedad excedente en los embalajes conserva su calidad y prolonga su vida \u00fatil.<\/p>\n","protected":false},"excerpt":{"rendered":"<p>ABSORBENTE ALC 125 (3PACK)<\/p>\n","protected":false},"featured_media":1831,"template":"","meta":[],"product_cat":[101,120,102],"product_tag":[],"class_list":["post-1583","product","type-product","status-publish","has-post-thumbnail","hentry","product_cat-aseguramiento-logistico","product_cat-desecantes","product_cat-proteccion-de-cargas"],"_links":{"self":[{"href":"https:\/\/cifsa.co.cr\/web\/sv\/wp-json\/wp\/v2\/product\/1583","targetHints":{"allow":["GET"]}}],"collection":[{"href":"https:\/\/cifsa.co.cr\/web\/sv\/wp-json\/wp\/v2\/product"}],"about":[{"href":"https:\/\/cifsa.co.cr\/web\/sv\/wp-json\/wp\/v2\/types\/product"}],"wp:featuredmedia":[{"embeddable":true,"href":"https:\/\/cifsa.co.cr\/web\/sv\/wp-json\/wp\/v2\/media\/1831"}],"wp:attachment":[{"href":"https:\/\/cifsa.co.cr\/web\/sv\/wp-json\/wp\/v2\/media?parent=1583"}],"wp:term":[{"taxonomy":"product_cat","embeddable":true,"href":"https:\/\/cifsa.co.cr\/web\/sv\/wp-json\/wp\/v2\/product_cat?post=1583"},{"taxonomy":"product_tag","embeddable":true,"href":"https:\/\/cifsa.co.cr\/web\/sv\/wp-json\/wp\/v2\/product_tag?post=1583"}],"curies":[{"name":"wp","href":"https:\/\/api.w.org\/{rel}","templated":true}]}}