{"id":1586,"date":"2024-05-31T08:33:32","date_gmt":"2024-05-31T14:33:32","guid":{"rendered":"https:\/\/cifsa.co.cr\/web\/sv\/?post_type=product&#038;p=1586"},"modified":"2024-05-31T08:33:34","modified_gmt":"2024-05-31T14:33:34","slug":"anteojo-radians-malla","status":"publish","type":"product","link":"https:\/\/cifsa.co.cr\/web\/sv\/product\/anteojo-radians-malla\/","title":{"rendered":"ANTEOJO RADIANS MALLA"},"content":{"rendered":"<p>Los anteojos de seguridad presentan una protecci\u00f3n ocular frontal de malla de alambre negra dise\u00f1ada para ambientes extremadamente h\u00famedos.<\/p>\n<p>Unidad de distribuci\u00f3n: 12 lentes por caja<\/p>\n","protected":false},"excerpt":{"rendered":"<p>ANTEOJO RADIANS MALLA<\/p>\n","protected":false},"featured_media":1274,"template":"","meta":[],"product_cat":[112,111,121,106],"product_tag":[],"class_list":["post-1586","product","type-product","status-publish","has-post-thumbnail","hentry","product_cat-epp","product_cat-epp-rescate","product_cat-proteccion-visual","product_cat-seguridad-industrial"],"_links":{"self":[{"href":"https:\/\/cifsa.co.cr\/web\/sv\/wp-json\/wp\/v2\/product\/1586","targetHints":{"allow":["GET"]}}],"collection":[{"href":"https:\/\/cifsa.co.cr\/web\/sv\/wp-json\/wp\/v2\/product"}],"about":[{"href":"https:\/\/cifsa.co.cr\/web\/sv\/wp-json\/wp\/v2\/types\/product"}],"wp:featuredmedia":[{"embeddable":true,"href":"https:\/\/cifsa.co.cr\/web\/sv\/wp-json\/wp\/v2\/media\/1274"}],"wp:attachment":[{"href":"https:\/\/cifsa.co.cr\/web\/sv\/wp-json\/wp\/v2\/media?parent=1586"}],"wp:term":[{"taxonomy":"product_cat","embeddable":true,"href":"https:\/\/cifsa.co.cr\/web\/sv\/wp-json\/wp\/v2\/product_cat?post=1586"},{"taxonomy":"product_tag","embeddable":true,"href":"https:\/\/cifsa.co.cr\/web\/sv\/wp-json\/wp\/v2\/product_tag?post=1586"}],"curies":[{"name":"wp","href":"https:\/\/api.w.org\/{rel}","templated":true}]}}