{"id":1593,"date":"2024-05-31T08:33:33","date_gmt":"2024-05-31T14:33:33","guid":{"rendered":"https:\/\/cifsa.co.cr\/web\/sv\/?post_type=product&#038;p=1593"},"modified":"2024-06-25T14:15:25","modified_gmt":"2024-06-25T20:15:25","slug":"flejadora-signode-h-22-fleje-composite","status":"publish","type":"product","link":"https:\/\/cifsa.co.cr\/web\/sv\/product\/flejadora-signode-h-22-fleje-composite\/","title":{"rendered":"FLEJADORA SIGNODE H-22 (FLEJE COMPOSITE)"},"content":{"rendered":"<p>Tensor mec\u00e1nico con ganchos met\u00e1licos para tensi\u00f3n de correa. La m\u00e1quina tensa y corta la cinta.<\/p>\n","protected":false},"excerpt":{"rendered":"<p>FLEJADORA SIGNODE H-22 (FLEJE COMPOSITE)<\/p>\n","protected":false},"featured_media":884,"template":"","meta":[],"product_cat":[101,110,102],"product_tag":[],"class_list":["post-1593","product","type-product","status-publish","has-post-thumbnail","hentry","product_cat-aseguramiento-logistico","product_cat-fleje","product_cat-proteccion-de-cargas"],"_links":{"self":[{"href":"https:\/\/cifsa.co.cr\/web\/sv\/wp-json\/wp\/v2\/product\/1593","targetHints":{"allow":["GET"]}}],"collection":[{"href":"https:\/\/cifsa.co.cr\/web\/sv\/wp-json\/wp\/v2\/product"}],"about":[{"href":"https:\/\/cifsa.co.cr\/web\/sv\/wp-json\/wp\/v2\/types\/product"}],"wp:featuredmedia":[{"embeddable":true,"href":"https:\/\/cifsa.co.cr\/web\/sv\/wp-json\/wp\/v2\/media\/884"}],"wp:attachment":[{"href":"https:\/\/cifsa.co.cr\/web\/sv\/wp-json\/wp\/v2\/media?parent=1593"}],"wp:term":[{"taxonomy":"product_cat","embeddable":true,"href":"https:\/\/cifsa.co.cr\/web\/sv\/wp-json\/wp\/v2\/product_cat?post=1593"},{"taxonomy":"product_tag","embeddable":true,"href":"https:\/\/cifsa.co.cr\/web\/sv\/wp-json\/wp\/v2\/product_tag?post=1593"}],"curies":[{"name":"wp","href":"https:\/\/api.w.org\/{rel}","templated":true}]}}