{"id":1596,"date":"2024-05-31T08:33:33","date_gmt":"2024-05-31T14:33:33","guid":{"rendered":"https:\/\/cifsa.co.cr\/web\/sv\/?post_type=product&#038;p=1596"},"modified":"2024-05-31T08:33:35","modified_gmt":"2024-05-31T14:33:35","slug":"go-wireless-30-dias","status":"publish","type":"product","link":"https:\/\/cifsa.co.cr\/web\/sv\/product\/go-wireless-30-dias\/","title":{"rendered":"GO WIRELESS 30 DIAS"},"content":{"rendered":"<p>Registrador peque\u00f1o y plano. Registro digital de hora y temperatura. Preprogramado con especificaciones de rango de temperatura. \u00datil para los an\u00e1lisis de superficies<\/p>\n","protected":false},"excerpt":{"rendered":"<p>GO WIRELESS 30 DIAS<\/p>\n","protected":false},"featured_media":887,"template":"","meta":[],"product_cat":[101,125,118],"product_tag":[],"class_list":["post-1596","product","type-product","status-publish","has-post-thumbnail","hentry","product_cat-aseguramiento-logistico","product_cat-cadena-de-frio","product_cat-soluciones-tecnologicas-industriales"],"_links":{"self":[{"href":"https:\/\/cifsa.co.cr\/web\/sv\/wp-json\/wp\/v2\/product\/1596","targetHints":{"allow":["GET"]}}],"collection":[{"href":"https:\/\/cifsa.co.cr\/web\/sv\/wp-json\/wp\/v2\/product"}],"about":[{"href":"https:\/\/cifsa.co.cr\/web\/sv\/wp-json\/wp\/v2\/types\/product"}],"wp:featuredmedia":[{"embeddable":true,"href":"https:\/\/cifsa.co.cr\/web\/sv\/wp-json\/wp\/v2\/media\/887"}],"wp:attachment":[{"href":"https:\/\/cifsa.co.cr\/web\/sv\/wp-json\/wp\/v2\/media?parent=1596"}],"wp:term":[{"taxonomy":"product_cat","embeddable":true,"href":"https:\/\/cifsa.co.cr\/web\/sv\/wp-json\/wp\/v2\/product_cat?post=1596"},{"taxonomy":"product_tag","embeddable":true,"href":"https:\/\/cifsa.co.cr\/web\/sv\/wp-json\/wp\/v2\/product_tag?post=1596"}],"curies":[{"name":"wp","href":"https:\/\/api.w.org\/{rel}","templated":true}]}}