{"id":1601,"date":"2024-05-31T08:33:33","date_gmt":"2024-05-31T14:33:33","guid":{"rendered":"https:\/\/cifsa.co.cr\/web\/sv\/?post_type=product&#038;p=1601"},"modified":"2024-05-31T08:33:35","modified_gmt":"2024-05-31T14:33:35","slug":"marchamo-tss-acero-bs-utedition-produccion-amarillo","status":"publish","type":"product","link":"https:\/\/cifsa.co.cr\/web\/sv\/product\/marchamo-tss-acero-bs-utedition-produccion-amarillo\/","title":{"rendered":"MARCHAMO TSS ACERO BS-UTEDITION (PRODUCCION) Amarillo"},"content":{"rendered":"<p>Cumple con ISO17712:2013 \u201cH\u201d<br \/>\nLas dos partes del sello est\u00e1n conectadas para un f\u00e1cil manejo.<br \/>\nLa bandera grande permite leer f\u00e1cilmente la informaci\u00f3n impresa con l\u00e1ser.<br \/>\nDise\u00f1o de funci\u00f3n antirotaci\u00f3n<br \/>\nRequiere cortadores de pernos para su extracci\u00f3n.<br \/>\nTipos de marcado opcionales<br \/>\na. Marcado directamente sobre la superficie.<br \/>\nb. Cuerpo encapsulado con cubierta transparente para proteger la informaci\u00f3n impresa.<\/p>\n<p>&nbsp;<\/p>\n","protected":false},"excerpt":{"rendered":"<p>MARCHAMO TSS ACERO TSS-UTEDITION (PRODUCCION) Amarillo<\/p>\n<p>&nbsp;<\/p>\n","protected":false},"featured_media":1316,"template":"","meta":[],"product_cat":[104,101,115,114],"product_tag":[],"class_list":["post-1601","product","type-product","status-publish","has-post-thumbnail","hentry","product_cat-aseguramiento-de-mercancias-proteccion-de-cargas","product_cat-aseguramiento-logistico","product_cat-botella","product_cat-marchamos-y-etiquetas-de-seguridad"],"_links":{"self":[{"href":"https:\/\/cifsa.co.cr\/web\/sv\/wp-json\/wp\/v2\/product\/1601","targetHints":{"allow":["GET"]}}],"collection":[{"href":"https:\/\/cifsa.co.cr\/web\/sv\/wp-json\/wp\/v2\/product"}],"about":[{"href":"https:\/\/cifsa.co.cr\/web\/sv\/wp-json\/wp\/v2\/types\/product"}],"wp:featuredmedia":[{"embeddable":true,"href":"https:\/\/cifsa.co.cr\/web\/sv\/wp-json\/wp\/v2\/media\/1316"}],"wp:attachment":[{"href":"https:\/\/cifsa.co.cr\/web\/sv\/wp-json\/wp\/v2\/media?parent=1601"}],"wp:term":[{"taxonomy":"product_cat","embeddable":true,"href":"https:\/\/cifsa.co.cr\/web\/sv\/wp-json\/wp\/v2\/product_cat?post=1601"},{"taxonomy":"product_tag","embeddable":true,"href":"https:\/\/cifsa.co.cr\/web\/sv\/wp-json\/wp\/v2\/product_tag?post=1601"}],"curies":[{"name":"wp","href":"https:\/\/api.w.org\/{rel}","templated":true}]}}