{"id":1610,"date":"2024-05-31T08:33:34","date_gmt":"2024-05-31T14:33:34","guid":{"rendered":"https:\/\/cifsa.co.cr\/web\/sv\/?post_type=product&#038;p=1610"},"modified":"2024-05-31T08:33:35","modified_gmt":"2024-05-31T14:33:35","slug":"termografo-emerson-go-xl5g","status":"publish","type":"product","link":"https:\/\/cifsa.co.cr\/web\/sv\/product\/termografo-emerson-go-xl5g\/","title":{"rendered":"TERMOGRAFO EMERSON GO XL5G"},"content":{"rendered":"<p>Un sistema f\u00e1cil de usar para monitorear sus cargas. Vida \u00fatil de la bater\u00eda extendida para cubrir env\u00edos internacionales. Visibilidad mundial con alertas por mensajes de correo electr\u00f3nico\/texto. Acceso a reportes de temperatura antes de la entrega final<\/p>\n","protected":false},"excerpt":{"rendered":"<p>TERMOGRAFO EMERSON GO XL5G<\/p>\n","protected":false},"featured_media":900,"template":"","meta":[],"product_cat":[101,125,118],"product_tag":[],"class_list":["post-1610","product","type-product","status-publish","has-post-thumbnail","hentry","product_cat-aseguramiento-logistico","product_cat-cadena-de-frio","product_cat-soluciones-tecnologicas-industriales"],"_links":{"self":[{"href":"https:\/\/cifsa.co.cr\/web\/sv\/wp-json\/wp\/v2\/product\/1610","targetHints":{"allow":["GET"]}}],"collection":[{"href":"https:\/\/cifsa.co.cr\/web\/sv\/wp-json\/wp\/v2\/product"}],"about":[{"href":"https:\/\/cifsa.co.cr\/web\/sv\/wp-json\/wp\/v2\/types\/product"}],"wp:featuredmedia":[{"embeddable":true,"href":"https:\/\/cifsa.co.cr\/web\/sv\/wp-json\/wp\/v2\/media\/900"}],"wp:attachment":[{"href":"https:\/\/cifsa.co.cr\/web\/sv\/wp-json\/wp\/v2\/media?parent=1610"}],"wp:term":[{"taxonomy":"product_cat","embeddable":true,"href":"https:\/\/cifsa.co.cr\/web\/sv\/wp-json\/wp\/v2\/product_cat?post=1610"},{"taxonomy":"product_tag","embeddable":true,"href":"https:\/\/cifsa.co.cr\/web\/sv\/wp-json\/wp\/v2\/product_tag?post=1610"}],"curies":[{"name":"wp","href":"https:\/\/api.w.org\/{rel}","templated":true}]}}