{"id":1612,"date":"2024-05-31T08:33:36","date_gmt":"2024-05-31T14:33:36","guid":{"rendered":"https:\/\/cifsa.co.cr\/web\/sv\/?post_type=product&#038;p=1612"},"modified":"2024-05-31T08:33:37","modified_gmt":"2024-05-31T14:33:37","slug":"tracker-tive-solo-5g-desechable","status":"publish","type":"product","link":"https:\/\/cifsa.co.cr\/web\/sv\/product\/tracker-tive-solo-5g-desechable\/","title":{"rendered":"TRACKER TIVE SOLO 5G DESECHABLE"},"content":{"rendered":"<p>El primer rastreador multisensor de un solo uso del mundo proporciona visibilidad en tiempo real de la ubicaci\u00f3n, la temperatura, la humedad, los golpes y la luz de sus mercanc\u00edas en tr\u00e1nsito, a nivel de art\u00edculo, de un extremo a otro.<\/p>\n","protected":false},"excerpt":{"rendered":"<p>TRACKER TIVE SOLO 5G DESECHABLE<\/p>\n","protected":false},"featured_media":902,"template":"","meta":[],"product_cat":[101,119,118],"product_tag":[],"class_list":["post-1612","product","type-product","status-publish","has-post-thumbnail","hentry","product_cat-aseguramiento-logistico","product_cat-dispositivos-gps_trackers-carga","product_cat-soluciones-tecnologicas-industriales"],"_links":{"self":[{"href":"https:\/\/cifsa.co.cr\/web\/sv\/wp-json\/wp\/v2\/product\/1612","targetHints":{"allow":["GET"]}}],"collection":[{"href":"https:\/\/cifsa.co.cr\/web\/sv\/wp-json\/wp\/v2\/product"}],"about":[{"href":"https:\/\/cifsa.co.cr\/web\/sv\/wp-json\/wp\/v2\/types\/product"}],"wp:featuredmedia":[{"embeddable":true,"href":"https:\/\/cifsa.co.cr\/web\/sv\/wp-json\/wp\/v2\/media\/902"}],"wp:attachment":[{"href":"https:\/\/cifsa.co.cr\/web\/sv\/wp-json\/wp\/v2\/media?parent=1612"}],"wp:term":[{"taxonomy":"product_cat","embeddable":true,"href":"https:\/\/cifsa.co.cr\/web\/sv\/wp-json\/wp\/v2\/product_cat?post=1612"},{"taxonomy":"product_tag","embeddable":true,"href":"https:\/\/cifsa.co.cr\/web\/sv\/wp-json\/wp\/v2\/product_tag?post=1612"}],"curies":[{"name":"wp","href":"https:\/\/api.w.org\/{rel}","templated":true}]}}